{"id":767,"date":"2014-12-19T21:45:00","date_gmt":"2014-12-19T21:45:00","guid":{"rendered":"http:\/\/www.boutiquekatag.com\/?page_id=767"},"modified":"2022-01-24T12:28:47","modified_gmt":"2022-01-24T17:28:47","slug":"photos","status":"publish","type":"page","link":"https:\/\/www.katag.ca\/en\/photos\/","title":{"rendered":"Photos"},"content":{"rendered":"<p style=\"text-align: center;\">\n<h1 style=\"text-align: center;\"><strong><span style=\"color: #6abb45;\">KATAG&#8217;S PHOTOS<\/span><\/strong><\/h1>\n<p style=\"text-align: center;\"><div class=\"organic-column one-half\">\n<h5 style=\"text-align: center;\"><strong><a href=\"https:\/\/www.katag.ca\/photos-camp-katag-ninja-a-lac-beauport-2019\">Katag\u00a0Ninja<br \/>\n<\/a><\/strong><span style=\"color: #243b95;\">Camp Katag Ninja \u00e0 Lac-Beauport 2019<br \/>\n<\/span><a style=\"font-size: 16px;\" href=\"https:\/\/www.katag.ca\/photos-camp-katag-ninja-a-lac-beauport-2019\"><span style=\"color: #243b95;\"><img loading=\"lazy\" decoding=\"async\" class=\"aligncenter wp-image-5403 size-full\" src=\"https:\/\/www.katag.ca\/wp-content\/uploads\/2019\/09\/thumbnail_katag_Ninja_Lac_Beauport_2019.jpg\" alt=\"\" width=\"469\" height=\"318\" srcset=\"https:\/\/www.katag.ca\/wp-content\/uploads\/2019\/09\/thumbnail_katag_Ninja_Lac_Beauport_2019.jpg 469w, https:\/\/www.katag.ca\/wp-content\/uploads\/2019\/09\/thumbnail_katag_Ninja_Lac_Beauport_2019-300x203.jpg 300w\" sizes=\"auto, (max-width: 469px) 100vw, 469px\" \/><\/span><\/a><\/h5>\n<p style=\"text-align: center;\"><\/div><div class=\"organic-column one-half last\">\n<h5 style=\"text-align: center;\"><strong><a href=\"https:\/\/www.katag.ca\/photos-camp-katag-ninja-a-lac-beauport-2018\/\">Katag\u00a0Ninja<br \/>\n<\/a><\/strong><span style=\"color: #243b95;\">Camp Katag Ninja \u00e0 Lac-Beauport 2018<br \/>\n<\/span><a style=\"font-size: 16px;\" href=\"https:\/\/www.katag.ca\/photos-camp-katag-ninja-a-lac-beauport-2018\/\"><span style=\"color: #243b95;\"><img loading=\"lazy\" decoding=\"async\" class=\"alignnone wp-image-5342 size-full\" src=\"https:\/\/www.katag.ca\/wp-content\/uploads\/2019\/09\/thumbnail_katag_Ninja_Lac-Beauport_2018.jpg\" alt=\"\" width=\"469\" height=\"318\" srcset=\"https:\/\/www.katag.ca\/wp-content\/uploads\/2019\/09\/thumbnail_katag_Ninja_Lac-Beauport_2018.jpg 469w, https:\/\/www.katag.ca\/wp-content\/uploads\/2019\/09\/thumbnail_katag_Ninja_Lac-Beauport_2018-300x203.jpg 300w\" sizes=\"auto, (max-width: 469px) 100vw, 469px\" \/><\/span><\/a><\/h5>\n<p style=\"text-align: center;\"><\/div><div class=\"clearboth\"><\/div>\n<p style=\"text-align: center;\"><div class=\"organic-column one-half\">\n<h5 style=\"text-align: center;\"><strong><a href=\"http:\/\/www.katag.ca\/photos-katag-au-camp-boute-en-train-2017\/\">Katag\u00a0Ninja<br \/>\n<\/a><\/strong><span style=\"color: #243b95;\">Camp Boute-en-Train\u00a0<\/span><span style=\"color: #243b95;\">2017<a href=\"http:\/\/www.katag.ca\/photos-katag-au-camp-boute-en-train-2017\/\"><img loading=\"lazy\" decoding=\"async\" class=\"alignnone wp-image-4779 size-full\" src=\"http:\/\/www.katag.ca\/wp-content\/uploads\/2014\/12\/thumbnail_katag_camp_boute-en-train_2017-1.jpg\" alt=\"\" width=\"469\" height=\"318\" srcset=\"https:\/\/www.katag.ca\/wp-content\/uploads\/2014\/12\/thumbnail_katag_camp_boute-en-train_2017-1.jpg 469w, https:\/\/www.katag.ca\/wp-content\/uploads\/2014\/12\/thumbnail_katag_camp_boute-en-train_2017-1-300x203.jpg 300w\" sizes=\"auto, (max-width: 469px) 100vw, 469px\" \/><\/a><\/span><\/div><div class=\"organic-column one-half last\"><\/h5>\n<h5 style=\"text-align: center;\"><strong><a href=\"http:\/\/www.katag.ca\/photos-katag-au-camp-boute-en-train-2014\/\">Katag Medieval<br \/>\n<\/a><\/strong><span style=\"color: #243b95;\">Camp Boute-en-Train\u00a0<\/span><span style=\"color: #243b95;\">2014<\/span><a title=\"Photos Katag au Camp Boute-en-Train 2014\" href=\"http:\/\/www.katag.ca\/photos-katag-au-camp-boute-en-train-2014\/\"><img loading=\"lazy\" decoding=\"async\" width=\"469\" height=\"318\" class=\"alignnone size-full wp-image-889\" src=\"http:\/\/www.katag.ca\/wp-content\/uploads\/2014\/12\/thumbnail_katag_camp_boute-en-train_2014.jpg\" alt=\"Photos Katag au Camp Boute-en-Train 2014\" srcset=\"https:\/\/www.katag.ca\/wp-content\/uploads\/2014\/12\/thumbnail_katag_camp_boute-en-train_2014.jpg 469w, https:\/\/www.katag.ca\/wp-content\/uploads\/2014\/12\/thumbnail_katag_camp_boute-en-train_2014-300x203.jpg 300w\" sizes=\"auto, (max-width: 469px) 100vw, 469px\" \/><\/a><\/div><div class=\"clearboth\"><\/div><div class=\"organic-column one-half\"><\/h5>\n<h5 style=\"text-align: center;\"><strong><a href=\"http:\/\/www.katag.ca\/photos-katag-au-camp-boute-en-train\/\">Katag Medieval<br \/>\n<\/a><\/strong><span style=\"color: #243b95;\">Camp Boute-en-Train\u00a02013<\/span><a title=\"Photos Katag au Camp Boute-en-Train 2013\" href=\"http:\/\/www.katag.ca\/photos-katag-au-camp-boute-en-train\/\"><img loading=\"lazy\" decoding=\"async\" width=\"469\" height=\"318\" class=\"alignnone size-full wp-image-777\" src=\"http:\/\/www.katag.ca\/wp-content\/uploads\/2014\/12\/thumbnail_katag_camp_boute-en-train.jpg\" alt=\"Katag au Camp-Boute-en-Train\" srcset=\"https:\/\/www.katag.ca\/wp-content\/uploads\/2014\/12\/thumbnail_katag_camp_boute-en-train.jpg 469w, https:\/\/www.katag.ca\/wp-content\/uploads\/2014\/12\/thumbnail_katag_camp_boute-en-train-300x203.jpg 300w\" sizes=\"auto, (max-width: 469px) 100vw, 469px\" \/><\/a><\/div><div class=\"organic-column one-half last\"><\/h5>\n<h5 style=\"text-align: center;\"><strong><a href=\"http:\/\/www.katag.ca\/photos-katag-dans-les-ecoles-2013\/\">Katag\u00a0at schools<br \/>\n<\/a><\/strong><span style=\"color: #243b95;\">\u00c9cole Arc-en-Ciel\u00a02013<\/span><a title=\"Photos Katag dans les \u00e9coles 2013\" href=\"http:\/\/www.katag.ca\/photos-katag-dans-les-ecoles-2013\/\"><img loading=\"lazy\" decoding=\"async\" width=\"469\" height=\"318\" class=\"alignnone size-full wp-image-790\" src=\"http:\/\/www.katag.ca\/wp-content\/uploads\/2014\/12\/thumbnail_katag_dans_les_ecoles.jpg\" alt=\"Katag dans les \u00e9coles\" srcset=\"https:\/\/www.katag.ca\/wp-content\/uploads\/2014\/12\/thumbnail_katag_dans_les_ecoles.jpg 469w, https:\/\/www.katag.ca\/wp-content\/uploads\/2014\/12\/thumbnail_katag_dans_les_ecoles-300x203.jpg 300w\" sizes=\"auto, (max-width: 469px) 100vw, 469px\" \/><\/a><\/div><div class=\"clearboth\"><\/div>\n<div class=\"organic-column one-half\"><\/h5>\n<h5 style=\"text-align: center;\"><a href=\"http:\/\/www.katag.ca\/photos-thematique-chevalier-lumiere\/\"><strong>Katag\u00a0\u00abKnight of the Light\u00bb<br \/>\n<\/strong><\/a><span style=\"color: #243b95;\">Day Camp\u00a02006<\/span><a title=\"Photos Camp th\u00e9matique\" href=\"http:\/\/www.katag.ca\/photos-thematique-chevalier-lumiere\/\"><img loading=\"lazy\" decoding=\"async\" width=\"469\" height=\"318\" class=\"alignnone size-full wp-image-922\" src=\"http:\/\/www.katag.ca\/wp-content\/uploads\/2014\/12\/thumbnail_katag_Academie_des_Jedi.jpg\" alt=\"Photos Acad\u00e9mie des Jedi\" srcset=\"https:\/\/www.katag.ca\/wp-content\/uploads\/2014\/12\/thumbnail_katag_Academie_des_Jedi.jpg 469w, https:\/\/www.katag.ca\/wp-content\/uploads\/2014\/12\/thumbnail_katag_Academie_des_Jedi-300x203.jpg 300w\" sizes=\"auto, (max-width: 469px) 100vw, 469px\" \/><\/a><\/div><\/h5>\n<p style=\"text-align: center;\">\u00a0","protected":false},"excerpt":{"rendered":"<p>KATAG&#8217;S PHOTOS \u00a0<\/p>\n","protected":false},"author":2,"featured_media":0,"parent":0,"menu_order":0,"comment_status":"closed","ping_status":"closed","template":"","meta":{"footnotes":""},"class_list":["post-767","page","type-page","status-publish","hentry"],"yoast_head":"<!-- This site is optimized with the Yoast SEO plugin v26.0 - https:\/\/yoast.com\/wordpress\/plugins\/seo\/ -->\n<title>Photos | Katag<\/title>\n<meta name=\"description\" content=\"PHOTOS KATAG: M\u00e9di\u00e9val | Dans les \u00e9coles | Chevalier de la lumi\u00e8re | Camp de jour | Acad\u00e9mie des Jedi\" \/>\n<meta name=\"robots\" content=\"index, follow, max-snippet:-1, max-image-preview:large, max-video-preview:-1\" \/>\n<link rel=\"canonical\" href=\"https:\/\/www.katag.ca\/photos\/\" \/>\n<meta property=\"og:locale\" content=\"en_US\" \/>\n<meta property=\"og:type\" content=\"article\" \/>\n<meta property=\"og:title\" content=\"Photos | Katag\" \/>\n<meta property=\"og:description\" content=\"PHOTOS KATAG: M\u00e9di\u00e9val | Dans les \u00e9coles | Chevalier de la lumi\u00e8re | Camp de jour | Acad\u00e9mie des Jedi\" \/>\n<meta property=\"og:url\" content=\"https:\/\/www.katag.ca\/photos\/\" \/>\n<meta property=\"og:site_name\" content=\"Katag\" \/>\n<meta property=\"article:publisher\" content=\"https:\/\/www.facebook.com\/Katag.ca\" \/>\n<meta property=\"article:modified_time\" content=\"2022-01-24T17:28:47+00:00\" \/>\n<meta property=\"og:image\" content=\"https:\/\/www.katag.ca\/wp-content\/uploads\/2019\/09\/thumbnail_katag_Ninja_Lac_Beauport_2019.jpg\" \/>\n<meta name=\"twitter:card\" content=\"summary_large_image\" \/>\n<meta name=\"twitter:label1\" content=\"Est. reading time\" \/>\n\t<meta name=\"twitter:data1\" content=\"4 minutes\" \/>\n<script type=\"application\/ld+json\" class=\"yoast-schema-graph\">{\"@context\":\"https:\/\/schema.org\",\"@graph\":[{\"@type\":\"WebPage\",\"@id\":\"https:\/\/www.katag.ca\/photos\/\",\"url\":\"https:\/\/www.katag.ca\/photos\/\",\"name\":\"Photos | Katag\",\"isPartOf\":{\"@id\":\"https:\/\/www.katag.ca\/#website\"},\"primaryImageOfPage\":{\"@id\":\"https:\/\/www.katag.ca\/photos\/#primaryimage\"},\"image\":{\"@id\":\"https:\/\/www.katag.ca\/photos\/#primaryimage\"},\"thumbnailUrl\":\"https:\/\/www.katag.ca\/wp-content\/uploads\/2019\/09\/thumbnail_katag_Ninja_Lac_Beauport_2019.jpg\",\"datePublished\":\"2014-12-19T21:45:00+00:00\",\"dateModified\":\"2022-01-24T17:28:47+00:00\",\"description\":\"PHOTOS KATAG: M\u00e9di\u00e9val | Dans les \u00e9coles | Chevalier de la lumi\u00e8re | Camp de jour | Acad\u00e9mie des Jedi\",\"breadcrumb\":{\"@id\":\"https:\/\/www.katag.ca\/photos\/#breadcrumb\"},\"inLanguage\":\"en-US\",\"potentialAction\":[{\"@type\":\"ReadAction\",\"target\":[\"https:\/\/www.katag.ca\/photos\/\"]}]},{\"@type\":\"ImageObject\",\"inLanguage\":\"en-US\",\"@id\":\"https:\/\/www.katag.ca\/photos\/#primaryimage\",\"url\":\"https:\/\/www.katag.ca\/wp-content\/uploads\/2019\/09\/thumbnail_katag_Ninja_Lac_Beauport_2019.jpg\",\"contentUrl\":\"https:\/\/www.katag.ca\/wp-content\/uploads\/2019\/09\/thumbnail_katag_Ninja_Lac_Beauport_2019.jpg\"},{\"@type\":\"BreadcrumbList\",\"@id\":\"https:\/\/www.katag.ca\/photos\/#breadcrumb\",\"itemListElement\":[{\"@type\":\"ListItem\",\"position\":1,\"name\":\"Accueil\",\"item\":\"https:\/\/www.katag.ca\/\"},{\"@type\":\"ListItem\",\"position\":2,\"name\":\"Photos\"}]},{\"@type\":\"WebSite\",\"@id\":\"https:\/\/www.katag.ca\/#website\",\"url\":\"https:\/\/www.katag.ca\/\",\"name\":\"Katag\",\"description\":\"LE jeu d'&eacute;p&eacute;es-mousse\",\"publisher\":{\"@id\":\"https:\/\/www.katag.ca\/#organization\"},\"potentialAction\":[{\"@type\":\"SearchAction\",\"target\":{\"@type\":\"EntryPoint\",\"urlTemplate\":\"https:\/\/www.katag.ca\/?s={search_term_string}\"},\"query-input\":{\"@type\":\"PropertyValueSpecification\",\"valueRequired\":true,\"valueName\":\"search_term_string\"}}],\"inLanguage\":\"en-US\"},{\"@type\":\"Organization\",\"@id\":\"https:\/\/www.katag.ca\/#organization\",\"name\":\"Katag\",\"url\":\"https:\/\/www.katag.ca\/\",\"logo\":{\"@type\":\"ImageObject\",\"inLanguage\":\"en-US\",\"@id\":\"https:\/\/www.katag.ca\/#\/schema\/logo\/image\/\",\"url\":\"https:\/\/www.katag.ca\/wp-content\/uploads\/2021\/03\/logo-fr.png\",\"contentUrl\":\"https:\/\/www.katag.ca\/wp-content\/uploads\/2021\/03\/logo-fr.png\",\"width\":338,\"height\":173,\"caption\":\"Katag\"},\"image\":{\"@id\":\"https:\/\/www.katag.ca\/#\/schema\/logo\/image\/\"},\"sameAs\":[\"https:\/\/www.facebook.com\/Katag.ca\"]}]}<\/script>\n<!-- \/ Yoast SEO plugin. -->","yoast_head_json":{"title":"Photos | Katag","description":"PHOTOS KATAG: M\u00e9di\u00e9val | Dans les \u00e9coles | Chevalier de la lumi\u00e8re | Camp de jour | Acad\u00e9mie des Jedi","robots":{"index":"index","follow":"follow","max-snippet":"max-snippet:-1","max-image-preview":"max-image-preview:large","max-video-preview":"max-video-preview:-1"},"canonical":"https:\/\/www.katag.ca\/photos\/","og_locale":"en_US","og_type":"article","og_title":"Photos | Katag","og_description":"PHOTOS KATAG: M\u00e9di\u00e9val | Dans les \u00e9coles | Chevalier de la lumi\u00e8re | Camp de jour | Acad\u00e9mie des Jedi","og_url":"https:\/\/www.katag.ca\/photos\/","og_site_name":"Katag","article_publisher":"https:\/\/www.facebook.com\/Katag.ca","article_modified_time":"2022-01-24T17:28:47+00:00","og_image":[{"url":"https:\/\/www.katag.ca\/wp-content\/uploads\/2019\/09\/thumbnail_katag_Ninja_Lac_Beauport_2019.jpg","type":"","width":"","height":""}],"twitter_card":"summary_large_image","twitter_misc":{"Est. reading time":"4 minutes"},"schema":{"@context":"https:\/\/schema.org","@graph":[{"@type":"WebPage","@id":"https:\/\/www.katag.ca\/photos\/","url":"https:\/\/www.katag.ca\/photos\/","name":"Photos | Katag","isPartOf":{"@id":"https:\/\/www.katag.ca\/#website"},"primaryImageOfPage":{"@id":"https:\/\/www.katag.ca\/photos\/#primaryimage"},"image":{"@id":"https:\/\/www.katag.ca\/photos\/#primaryimage"},"thumbnailUrl":"https:\/\/www.katag.ca\/wp-content\/uploads\/2019\/09\/thumbnail_katag_Ninja_Lac_Beauport_2019.jpg","datePublished":"2014-12-19T21:45:00+00:00","dateModified":"2022-01-24T17:28:47+00:00","description":"PHOTOS KATAG: M\u00e9di\u00e9val | Dans les \u00e9coles | Chevalier de la lumi\u00e8re | Camp de jour | Acad\u00e9mie des Jedi","breadcrumb":{"@id":"https:\/\/www.katag.ca\/photos\/#breadcrumb"},"inLanguage":"en-US","potentialAction":[{"@type":"ReadAction","target":["https:\/\/www.katag.ca\/photos\/"]}]},{"@type":"ImageObject","inLanguage":"en-US","@id":"https:\/\/www.katag.ca\/photos\/#primaryimage","url":"https:\/\/www.katag.ca\/wp-content\/uploads\/2019\/09\/thumbnail_katag_Ninja_Lac_Beauport_2019.jpg","contentUrl":"https:\/\/www.katag.ca\/wp-content\/uploads\/2019\/09\/thumbnail_katag_Ninja_Lac_Beauport_2019.jpg"},{"@type":"BreadcrumbList","@id":"https:\/\/www.katag.ca\/photos\/#breadcrumb","itemListElement":[{"@type":"ListItem","position":1,"name":"Accueil","item":"https:\/\/www.katag.ca\/"},{"@type":"ListItem","position":2,"name":"Photos"}]},{"@type":"WebSite","@id":"https:\/\/www.katag.ca\/#website","url":"https:\/\/www.katag.ca\/","name":"Katag","description":"LE jeu d'&eacute;p&eacute;es-mousse","publisher":{"@id":"https:\/\/www.katag.ca\/#organization"},"potentialAction":[{"@type":"SearchAction","target":{"@type":"EntryPoint","urlTemplate":"https:\/\/www.katag.ca\/?s={search_term_string}"},"query-input":{"@type":"PropertyValueSpecification","valueRequired":true,"valueName":"search_term_string"}}],"inLanguage":"en-US"},{"@type":"Organization","@id":"https:\/\/www.katag.ca\/#organization","name":"Katag","url":"https:\/\/www.katag.ca\/","logo":{"@type":"ImageObject","inLanguage":"en-US","@id":"https:\/\/www.katag.ca\/#\/schema\/logo\/image\/","url":"https:\/\/www.katag.ca\/wp-content\/uploads\/2021\/03\/logo-fr.png","contentUrl":"https:\/\/www.katag.ca\/wp-content\/uploads\/2021\/03\/logo-fr.png","width":338,"height":173,"caption":"Katag"},"image":{"@id":"https:\/\/www.katag.ca\/#\/schema\/logo\/image\/"},"sameAs":["https:\/\/www.facebook.com\/Katag.ca"]}]}},"_links":{"self":[{"href":"https:\/\/www.katag.ca\/en\/wp-json\/wp\/v2\/pages\/767","targetHints":{"allow":["GET"]}}],"collection":[{"href":"https:\/\/www.katag.ca\/en\/wp-json\/wp\/v2\/pages"}],"about":[{"href":"https:\/\/www.katag.ca\/en\/wp-json\/wp\/v2\/types\/page"}],"author":[{"embeddable":true,"href":"https:\/\/www.katag.ca\/en\/wp-json\/wp\/v2\/users\/2"}],"replies":[{"embeddable":true,"href":"https:\/\/www.katag.ca\/en\/wp-json\/wp\/v2\/comments?post=767"}],"version-history":[{"count":89,"href":"https:\/\/www.katag.ca\/en\/wp-json\/wp\/v2\/pages\/767\/revisions"}],"predecessor-version":[{"id":5851,"href":"https:\/\/www.katag.ca\/en\/wp-json\/wp\/v2\/pages\/767\/revisions\/5851"}],"wp:attachment":[{"href":"https:\/\/www.katag.ca\/en\/wp-json\/wp\/v2\/media?parent=767"}],"curies":[{"name":"wp","href":"https:\/\/api.w.org\/{rel}","templated":true}]}}