{"id":931,"date":"2015-01-04T21:47:04","date_gmt":"2015-01-04T21:47:04","guid":{"rendered":"http:\/\/www.boutiquekatag.com\/?page_id=931"},"modified":"2023-06-17T09:22:31","modified_gmt":"2023-06-17T13:22:31","slug":"aventure-dont-vous-etes-le-heros","status":"publish","type":"page","link":"https:\/\/www.katag.ca\/en\/aventure-dont-vous-etes-le-heros\/","title":{"rendered":"Aventure dont vous \u00eates le h\u00e9ros (in French only)"},"content":{"rendered":"<h2 style=\"text-align: center;\">(IN FRENCH ONLY)<\/h2>\n<h2 style=\"text-align: center;\"><strong><span style=\"color: #6abb45;\">Bienvenue\u00a0dans le grand jeu dont vous \u00eates le\u00a0h\u00e9ros\u00a0!<\/span><\/strong><\/h2>\n<p>Vous vous \u00eates lev\u00e9 ce matin avec de vagues souvenirs du r\u00eave que vous avez fait pendant la nuit. Vous n\u2019arrivez plus \u00e0 vous rappeler exactement le r\u00eave en question, mais vous avez l\u2019impression que ce qui s\u2019y est pass\u00e9 \u00e9tait particuli\u00e8rement important. En y pensant bien, vous commencez \u00e0 vous rappeler que vous \u00e9tiez quelque part ou vous n\u2019aviez jamais \u00e9t\u00e9 auparavant. Vous y avez vu une couche de brume, et puis un \u00e9trange march\u00e9. Vous y avez entendu \u00e9galement une musique famili\u00e8re qui jouait, peut \u00eatre celle d\u2019un cirque\u2026<\/p>\n<p>Plus vous plongez dans vos souvenirs et plus de choses semblent vous revenir. Un marchand, un \u00e9trange animal de la grosseur d\u2019un \u00e9l\u00e9phant qui semblait se pencher pour vous laisser monter sur son dos. Des motos volantes qui partaient en direction du ciel, une cit\u00e9 qui tenait dans le vide. Vous n\u2019arrivez plus \u00e0 vous rappeler ce qui rattache tous ces \u00e9l\u00e9ments ensemble, mais vous \u00eates certain qu\u2019ils avaient un sens. Vous sentez que \u00e7a commence \u00e0 vous revenir, vous avez parl\u00e9 \u00e0 quelqu\u2019un, un vieil homme \u00e0 la barbe blanche et longue. Il disait qu\u2019il avait un message important pour vous\u2026<\/p>\n<p>Puis, vous entendez la voix de votre m\u00e8re qui vient d\u2019ouvrir la porte de votre chambre \u00e0 coucher. \u00ab Ch\u00e9ri, il est temps de te lever, ton d\u00e9jeuner est servi! Et puis, tu ne voudrais tout de m\u00eame pas arriver en retard au service de garde pour ton activit\u00e9 p\u00e9dagogique? C\u2019est quoi d\u00e9j\u00e0, Takag? \u00bb Vous la regardez, un peu d\u00e9courag\u00e9 qu\u2019elle d\u00e9forme toujours les noms des jeux et activit\u00e9s que vous aimez, tout en sachant qu\u2019elle ne fait pas expr\u00e8s. Devenir adulte, il semble que ce soit perdre l\u2019int\u00e9r\u00eat pour ce qui est vraiment important, c&#8217;est-\u00e0-dire jouer! \u00ab Ah! Maman, c\u2019est pas Takag, c\u2019est Katag! Et puis, oui, j\u2019arrive\u00bb. Vous vous levez et, pendant le d\u00e9jeuner, vous tentez de vous souvenir de votre r\u00eave, mais rien \u00e0 faire, il vous est compl\u00e8tement sorti de la m\u00e9moire. Vous finissez par vous dire tant pis, un r\u00eave de perdu et dix de retrouv\u00e9s!<\/p>\n<p>Il y a d\u00e9j\u00e0 quelque temps que vous \u00e9tiez au courant, vous l\u2019aviez attendue patiemment et la journ\u00e9e est finalement arriv\u00e9e. L\u2019\u00e9quipe de Katag est \u00e0 votre \u00e9cole aujourd\u2019hui! Une fois arriv\u00e9 au service de garde, vous sentez la tension et la f\u00e9brilit\u00e9 dans l\u2019air, tous les autres semblent aussi excit\u00e9s que vous! Heureusement, deux p\u00e9riodes par groupe sont pr\u00e9vues pour la journ\u00e9e, une le matin et une l\u2019apr\u00e8s-midi. Vous commencez d\u00e9j\u00e0 \u00e0 penser \u00e0 vos strat\u00e9gies, \u00e0 qui vous aimeriez avoir dans votre \u00e9quipe, quel joueur vous aimeriez affronter\u2026<\/p>\n<p>Puis, le tour de votre groupe arrive. On vous donne les explications, on vous remet vos dossards et lunettes, puis finalement votre \u00e9p\u00e9e. On vous laisse pratiquer un certain temps et la partie d\u00e9bute enfin. Tout se passe exactement comme vous l\u2019aviez imagin\u00e9, sauf pour Philippe, le plus jeune des joueurs, que vous n\u2019aviez pas jug\u00e9 capable de pouvoir se d\u00e9brouiller si bien avec une \u00e9p\u00e9e\u2026<\/p>\n<p>La premi\u00e8re p\u00e9riode du matin se termine et il est maintenant temps d\u2019aller d\u00eener. Vous mangez tout en pensant \u00e0 vos strat\u00e9gies. Puis vous d\u00e9cidez de vous diriger vers la salle de bain, mais en tournant le coin du corridor, vous apercevez l\u2019animateur de Katag qui se tient tout pr\u00e8s du gymnase, pas bien loin d\u2019o\u00f9 se trouve l\u2019endroit ou vous allez. Vous remarquez qu\u2019il parle \u00e0 quelqu\u2019un avec son t\u00e9l\u00e9phone cellulaire. Mais, en vous \u00e9loignant, alors que celui-ci ne peut plus vous voir, vous l\u2019entendez prononcer des paroles qui attirent votre attention. \u00ab J\u2019ai de la mis\u00e8re \u00e0 y croire. Pour savoir qu\u2019on va \u00e0 Manifeste, on doit d\u2019abord apprendre \u00e0 contr\u00f4ler ses r\u00eaves et, comme tu le sais, \u00e7a peut prendre un certain temps\u2026 Oui, je sais, mais un enfant?&#8230; Quoi? Le sage du Dojo du Feu? Et pourquoi on lui aurait confi\u00e9 une telle mission et pas \u00e0 l\u2019un des Karatsa\u00ef? Ou m\u00eame \u00e0 l\u2019un d\u2019entre nous dans le pire des cas?&#8230; Oui, je comprends\u2026 Comment? Dans l\u2019\u00e9cole ou je suis aujourd\u2019hui? Et tu veux que je le trouve comment au juste?&#8230; Je sais\u2026 En as-tu parl\u00e9 au patron?&#8230; Je ferai mon possible\u2026 \u00c0 plus\u2026 \u00bb<\/p>\n<p>Vous n\u2019en croyez pas vos oreilles! Vous repensez \u00e0 votre r\u00eave. Parlait-il de vous? Comment peut-on contr\u00f4ler ses r\u00eaves? Et comment il avait appel\u00e9 cet endroit d\u00e9j\u00e0? Manifeste? \u00c9tait-ce l\u00e0 ou vous vous trouviez la nuit derni\u00e8re? Vous vous sentez un peu confus. Puis, vous vous souvenez du vieil homme\u2026 Pourrait-il \u00eatre le sage du Dojo du Feu?<\/p>\n<p>Vous essayez de ne plus penser \u00e0 tout cela et votre p\u00e9riode de Katag de l\u2019apr\u00e8s-midi arrive. Vous vous demandez si l\u2019animateur vous remarquera afin de confirmer que c\u2019est bien de vous dont il parlait. Mais, plus la p\u00e9riode avance, et plus vous doutez. Malgr\u00e9 tout le plaisir que vous \u00e9prouvez \u00e0 jouer, ces pens\u00e9es ne vous sortent plus de la t\u00eate. Malheureusement, la p\u00e9riode se termine et m\u00eame si vous allez en garder un souvenir m\u00e9morable, vous \u00eates quand m\u00eame un peu d\u00e9\u00e7u, vous pensiez que l\u2019animateur arriverait \u00e0 vous identifier\u2026 Il vous a bien observ\u00e9 \u00e0 quelques reprises, mais bon, il a s\u00fbrement observ\u00e9 un peu tout le monde\u2026<\/p>\n<p>Plus tard, pendant le souper, vous racontez votre journ\u00e9e \u00e0 vos parents et prenez bien le temps de mentionner combien c\u2019\u00e9tait plaisant, surtout quand vous avez \u00e9limin\u00e9 Alexandre, quand l\u2019animateur a ajout\u00e9 le mage, etc. Toutefois, vous n\u2019osez pas mentionner la conversation que vous avez surprise.<\/p>\n<p>Puis, le temps d\u2019aller se coucher arrive. Vous repassez les \u00e9v\u00e8nements de la journ\u00e9e dans votre t\u00eate. Vous vous demandez pourquoi vous n\u2019avez pas os\u00e9 aller parler \u00e0 l\u2019animateur de Katag. Il \u00e9tait l\u00e0 et vous aviez l\u2019impression que ses yeux cherchaient partout, mais vous regardaient sans voir que c\u2019\u00e9tait vous qu\u2019il cherchait! Vous repensez \u00e0 ses paroles, vous vous rappelez qu\u2019il a mentionn\u00e9 qu\u2019on pouvait contr\u00f4ler ses r\u00eaves\u2026 Mais comment faire? Peut-\u00eatre que les adultes savent comment on fait. Vous n\u2019osez toutefois pas vous lever et demander \u00e0 vos parents. Vous vous dites que, de toute fa\u00e7on, il ne devait pas s\u2019agir de vous. Vous sentez que le sommeil commence \u00e0 vous gagner et, alors que vous alliez vous laisser aller \u00e0 ce sommeil paisible qui vous appelle, vous d\u00e9cidez de tenter une exp\u00e9rience. Pourquoi ne pas essayer de penser tr\u00e8s fort \u00e0 ces images que vous avez encore en t\u00eate? Vous pensez \u00e0 la brume, \u00e0 l\u2019animal bizarre, aux motos volantes, au vieil homme, et puis, juste avant de vous endormir pour de bon, vous prononcez, sans savoir pourquoi, ces paroles dans votre t\u00eate : \u00ab Je souhaite me retrouver \u00e0 Manifeste durant mes r\u00eaves \u00bb. Puis, le noir arrive et la nuit vous emporte\u2026<\/p>\n<p><strong>Imprimez la<\/strong> <a href=\"http:\/\/www.katag.ca\/wp-content\/uploads\/2015\/01\/feuille-de-route1.pdf\" target=\"_blank\" rel=\"noopener\"><strong>feuille de route<\/strong><\/a><strong> puis commencez l&#8217;aventure.<\/strong><\/p>\n<div class=\"btn-container  align-center\"><a class=\"organic-btn  green-btn medium-btn  align-center\" href=\"http:\/\/www.katag.ca\/aventure-1\/\"><span class=\"btn-holder\">Pour commencer une aventure, cliquez ici<\/span><\/a><\/div>","protected":false},"excerpt":{"rendered":"<p>(IN FRENCH ONLY) Bienvenue\u00a0dans le grand jeu dont vous \u00eates le\u00a0h\u00e9ros\u00a0! Vous vous \u00eates lev\u00e9 ce matin avec de vagues souvenirs du r\u00eave que vous avez fait pendant la nuit. Vous n\u2019arrivez plus \u00e0 vous rappeler exactement le r\u00eave en question, mais vous avez l\u2019impression que ce qui s\u2019y est pass\u00e9 \u00e9tait particuli\u00e8rement important. En y pensant bien, vous commencez \u00e0 vous rappeler que vous \u00e9tiez quelque part ou vous n\u2019aviez jamais \u00e9t\u00e9 auparavant. Vous y avez vu une couche de brume, et puis un \u00e9trange march\u00e9. Vous&#8230;<\/p>\n","protected":false},"author":2,"featured_media":936,"parent":0,"menu_order":0,"comment_status":"closed","ping_status":"closed","template":"","meta":{"footnotes":""},"class_list":["post-931","page","type-page","status-publish","has-post-thumbnail","hentry"],"yoast_head":"<!-- This site is optimized with the Yoast SEO plugin v26.0 - https:\/\/yoast.com\/wordpress\/plugins\/seo\/ -->\n<title>Aventure dont vous \u00eates le h\u00e9ros (in French only) | Katag<\/title>\n<meta name=\"description\" content=\"Bienvenue dans le grand jeu dont vous \u00eates le h\u00e9ros ! Commencez l&#039;aventure!\" \/>\n<meta name=\"robots\" content=\"index, follow, max-snippet:-1, max-image-preview:large, max-video-preview:-1\" \/>\n<link rel=\"canonical\" href=\"https:\/\/www.katag.ca\/aventure-dont-vous-etes-le-heros\/\" \/>\n<meta property=\"og:locale\" content=\"en_US\" \/>\n<meta property=\"og:type\" content=\"article\" \/>\n<meta property=\"og:title\" content=\"[:fr]Aventure dont vous \u00eates le h\u00e9ros[:en]Aventure dont vous \u00eates le h\u00e9ros (in French only)[:] | Katag\" \/>\n<meta property=\"og:description\" content=\"Bienvenue dans le grand jeu dont vous \u00eates le h\u00e9ros ! Commencez l&#039;aventure!\" \/>\n<meta property=\"og:url\" content=\"https:\/\/www.katag.ca\/aventure-dont-vous-etes-le-heros\/\" \/>\n<meta property=\"og:site_name\" content=\"Katag\" \/>\n<meta property=\"article:publisher\" content=\"https:\/\/www.facebook.com\/Katag.ca\" \/>\n<meta property=\"article:modified_time\" content=\"2023-06-17T13:22:31+00:00\" \/>\n<meta property=\"og:image\" content=\"https:\/\/www.katag.ca\/wp-content\/uploads\/2015\/01\/katag_aventure_heros.jpg\" \/>\n\t<meta property=\"og:image:width\" content=\"2400\" \/>\n\t<meta property=\"og:image:height\" content=\"720\" \/>\n\t<meta property=\"og:image:type\" content=\"image\/jpeg\" \/>\n<meta name=\"twitter:card\" content=\"summary_large_image\" \/>\n<meta name=\"twitter:label1\" content=\"Est. reading time\" \/>\n\t<meta name=\"twitter:data1\" content=\"6 minutes\" \/>\n<script type=\"application\/ld+json\" class=\"yoast-schema-graph\">{\"@context\":\"https:\/\/schema.org\",\"@graph\":[{\"@type\":\"WebPage\",\"@id\":\"https:\/\/www.katag.ca\/aventure-dont-vous-etes-le-heros\/\",\"url\":\"https:\/\/www.katag.ca\/aventure-dont-vous-etes-le-heros\/\",\"name\":\"[:fr]Aventure dont vous \u00eates le h\u00e9ros[:en]Aventure dont vous \u00eates le h\u00e9ros (in French only)[:] | Katag\",\"isPartOf\":{\"@id\":\"https:\/\/www.katag.ca\/#website\"},\"primaryImageOfPage\":{\"@id\":\"https:\/\/www.katag.ca\/aventure-dont-vous-etes-le-heros\/#primaryimage\"},\"image\":{\"@id\":\"https:\/\/www.katag.ca\/aventure-dont-vous-etes-le-heros\/#primaryimage\"},\"thumbnailUrl\":\"https:\/\/www.katag.ca\/wp-content\/uploads\/2015\/01\/katag_aventure_heros.jpg\",\"datePublished\":\"2015-01-04T21:47:04+00:00\",\"dateModified\":\"2023-06-17T13:22:31+00:00\",\"description\":\"Bienvenue dans le grand jeu dont vous \u00eates le h\u00e9ros ! Commencez l'aventure!\",\"breadcrumb\":{\"@id\":\"https:\/\/www.katag.ca\/aventure-dont-vous-etes-le-heros\/#breadcrumb\"},\"inLanguage\":\"en-US\",\"potentialAction\":[{\"@type\":\"ReadAction\",\"target\":[\"https:\/\/www.katag.ca\/aventure-dont-vous-etes-le-heros\/\"]}]},{\"@type\":\"ImageObject\",\"inLanguage\":\"en-US\",\"@id\":\"https:\/\/www.katag.ca\/aventure-dont-vous-etes-le-heros\/#primaryimage\",\"url\":\"https:\/\/www.katag.ca\/wp-content\/uploads\/2015\/01\/katag_aventure_heros.jpg\",\"contentUrl\":\"https:\/\/www.katag.ca\/wp-content\/uploads\/2015\/01\/katag_aventure_heros.jpg\",\"width\":2400,\"height\":720,\"caption\":\"Aventure dont vous \u00eates le h\u00e9ros\"},{\"@type\":\"BreadcrumbList\",\"@id\":\"https:\/\/www.katag.ca\/aventure-dont-vous-etes-le-heros\/#breadcrumb\",\"itemListElement\":[{\"@type\":\"ListItem\",\"position\":1,\"name\":\"Accueil\",\"item\":\"https:\/\/www.katag.ca\/\"},{\"@type\":\"ListItem\",\"position\":2,\"name\":\"Aventure dont vous \u00eates le h\u00e9ros\"}]},{\"@type\":\"WebSite\",\"@id\":\"https:\/\/www.katag.ca\/#website\",\"url\":\"https:\/\/www.katag.ca\/\",\"name\":\"Katag\",\"description\":\"LE jeu d'&eacute;p&eacute;es-mousse\",\"publisher\":{\"@id\":\"https:\/\/www.katag.ca\/#organization\"},\"potentialAction\":[{\"@type\":\"SearchAction\",\"target\":{\"@type\":\"EntryPoint\",\"urlTemplate\":\"https:\/\/www.katag.ca\/?s={search_term_string}\"},\"query-input\":{\"@type\":\"PropertyValueSpecification\",\"valueRequired\":true,\"valueName\":\"search_term_string\"}}],\"inLanguage\":\"en-US\"},{\"@type\":\"Organization\",\"@id\":\"https:\/\/www.katag.ca\/#organization\",\"name\":\"Katag\",\"url\":\"https:\/\/www.katag.ca\/\",\"logo\":{\"@type\":\"ImageObject\",\"inLanguage\":\"en-US\",\"@id\":\"https:\/\/www.katag.ca\/#\/schema\/logo\/image\/\",\"url\":\"https:\/\/www.katag.ca\/wp-content\/uploads\/2021\/03\/logo-fr.png\",\"contentUrl\":\"https:\/\/www.katag.ca\/wp-content\/uploads\/2021\/03\/logo-fr.png\",\"width\":338,\"height\":173,\"caption\":\"Katag\"},\"image\":{\"@id\":\"https:\/\/www.katag.ca\/#\/schema\/logo\/image\/\"},\"sameAs\":[\"https:\/\/www.facebook.com\/Katag.ca\"]}]}<\/script>\n<!-- \/ Yoast SEO plugin. -->","yoast_head_json":{"title":"[:fr]Aventure dont vous \u00eates le h\u00e9ros[:en]Aventure dont vous \u00eates le h\u00e9ros (in French only)[:] | Katag","description":"Bienvenue dans le grand jeu dont vous \u00eates le h\u00e9ros ! Commencez l'aventure!","robots":{"index":"index","follow":"follow","max-snippet":"max-snippet:-1","max-image-preview":"max-image-preview:large","max-video-preview":"max-video-preview:-1"},"canonical":"https:\/\/www.katag.ca\/aventure-dont-vous-etes-le-heros\/","og_locale":"en_US","og_type":"article","og_title":"[:fr]Aventure dont vous \u00eates le h\u00e9ros[:en]Aventure dont vous \u00eates le h\u00e9ros (in French only)[:] | Katag","og_description":"Bienvenue dans le grand jeu dont vous \u00eates le h\u00e9ros ! Commencez l'aventure!","og_url":"https:\/\/www.katag.ca\/aventure-dont-vous-etes-le-heros\/","og_site_name":"Katag","article_publisher":"https:\/\/www.facebook.com\/Katag.ca","article_modified_time":"2023-06-17T13:22:31+00:00","og_image":[{"width":2400,"height":720,"url":"https:\/\/www.katag.ca\/wp-content\/uploads\/2015\/01\/katag_aventure_heros.jpg","type":"image\/jpeg"}],"twitter_card":"summary_large_image","twitter_misc":{"Est. reading time":"6 minutes"},"schema":{"@context":"https:\/\/schema.org","@graph":[{"@type":"WebPage","@id":"https:\/\/www.katag.ca\/aventure-dont-vous-etes-le-heros\/","url":"https:\/\/www.katag.ca\/aventure-dont-vous-etes-le-heros\/","name":"[:fr]Aventure dont vous \u00eates le h\u00e9ros[:en]Aventure dont vous \u00eates le h\u00e9ros (in French only)[:] | Katag","isPartOf":{"@id":"https:\/\/www.katag.ca\/#website"},"primaryImageOfPage":{"@id":"https:\/\/www.katag.ca\/aventure-dont-vous-etes-le-heros\/#primaryimage"},"image":{"@id":"https:\/\/www.katag.ca\/aventure-dont-vous-etes-le-heros\/#primaryimage"},"thumbnailUrl":"https:\/\/www.katag.ca\/wp-content\/uploads\/2015\/01\/katag_aventure_heros.jpg","datePublished":"2015-01-04T21:47:04+00:00","dateModified":"2023-06-17T13:22:31+00:00","description":"Bienvenue dans le grand jeu dont vous \u00eates le h\u00e9ros ! Commencez l'aventure!","breadcrumb":{"@id":"https:\/\/www.katag.ca\/aventure-dont-vous-etes-le-heros\/#breadcrumb"},"inLanguage":"en-US","potentialAction":[{"@type":"ReadAction","target":["https:\/\/www.katag.ca\/aventure-dont-vous-etes-le-heros\/"]}]},{"@type":"ImageObject","inLanguage":"en-US","@id":"https:\/\/www.katag.ca\/aventure-dont-vous-etes-le-heros\/#primaryimage","url":"https:\/\/www.katag.ca\/wp-content\/uploads\/2015\/01\/katag_aventure_heros.jpg","contentUrl":"https:\/\/www.katag.ca\/wp-content\/uploads\/2015\/01\/katag_aventure_heros.jpg","width":2400,"height":720,"caption":"Aventure dont vous \u00eates le h\u00e9ros"},{"@type":"BreadcrumbList","@id":"https:\/\/www.katag.ca\/aventure-dont-vous-etes-le-heros\/#breadcrumb","itemListElement":[{"@type":"ListItem","position":1,"name":"Accueil","item":"https:\/\/www.katag.ca\/"},{"@type":"ListItem","position":2,"name":"Aventure dont vous \u00eates le h\u00e9ros"}]},{"@type":"WebSite","@id":"https:\/\/www.katag.ca\/#website","url":"https:\/\/www.katag.ca\/","name":"Katag","description":"LE jeu d'&eacute;p&eacute;es-mousse","publisher":{"@id":"https:\/\/www.katag.ca\/#organization"},"potentialAction":[{"@type":"SearchAction","target":{"@type":"EntryPoint","urlTemplate":"https:\/\/www.katag.ca\/?s={search_term_string}"},"query-input":{"@type":"PropertyValueSpecification","valueRequired":true,"valueName":"search_term_string"}}],"inLanguage":"en-US"},{"@type":"Organization","@id":"https:\/\/www.katag.ca\/#organization","name":"Katag","url":"https:\/\/www.katag.ca\/","logo":{"@type":"ImageObject","inLanguage":"en-US","@id":"https:\/\/www.katag.ca\/#\/schema\/logo\/image\/","url":"https:\/\/www.katag.ca\/wp-content\/uploads\/2021\/03\/logo-fr.png","contentUrl":"https:\/\/www.katag.ca\/wp-content\/uploads\/2021\/03\/logo-fr.png","width":338,"height":173,"caption":"Katag"},"image":{"@id":"https:\/\/www.katag.ca\/#\/schema\/logo\/image\/"},"sameAs":["https:\/\/www.facebook.com\/Katag.ca"]}]}},"_links":{"self":[{"href":"https:\/\/www.katag.ca\/en\/wp-json\/wp\/v2\/pages\/931","targetHints":{"allow":["GET"]}}],"collection":[{"href":"https:\/\/www.katag.ca\/en\/wp-json\/wp\/v2\/pages"}],"about":[{"href":"https:\/\/www.katag.ca\/en\/wp-json\/wp\/v2\/types\/page"}],"author":[{"embeddable":true,"href":"https:\/\/www.katag.ca\/en\/wp-json\/wp\/v2\/users\/2"}],"replies":[{"embeddable":true,"href":"https:\/\/www.katag.ca\/en\/wp-json\/wp\/v2\/comments?post=931"}],"version-history":[{"count":44,"href":"https:\/\/www.katag.ca\/en\/wp-json\/wp\/v2\/pages\/931\/revisions"}],"predecessor-version":[{"id":6108,"href":"https:\/\/www.katag.ca\/en\/wp-json\/wp\/v2\/pages\/931\/revisions\/6108"}],"wp:featuredmedia":[{"embeddable":true,"href":"https:\/\/www.katag.ca\/en\/wp-json\/wp\/v2\/media\/936"}],"wp:attachment":[{"href":"https:\/\/www.katag.ca\/en\/wp-json\/wp\/v2\/media?parent=931"}],"curies":[{"name":"wp","href":"https:\/\/api.w.org\/{rel}","templated":true}]}}