{"id":973,"date":"2014-01-02T22:36:36","date_gmt":"2014-01-02T22:36:36","guid":{"rendered":"http:\/\/www.boutiquekatag.com\/?page_id=973"},"modified":"2015-01-08T18:10:53","modified_gmt":"2015-01-08T18:10:53","slug":"aventure-2","status":"publish","type":"page","link":"https:\/\/www.katag.ca\/en\/aventure-2\/","title":{"rendered":"Aventure 2"},"content":{"rendered":"<p>Vous vous approchez doucement et prenez conscience que vous n\u2019\u00eates jamais atterri auparavant, mais tout semble se faire naturellement et vous vous posez sans difficult\u00e9. L\u2019homme qui se trouve devant vous vous para\u00eet d\u2019ici plus sympathique que vous ne le pensiez alors que vous voliez. Il a toutefois l\u2019air surpris de vous voir atterrir. \u00ab Bonsoir matelot! Tu excuseras ma surprise, mais il n\u2019arrive pas souvent que des r\u00eaveurs de ton monde prennent conscience de leurs r\u00eaves et s\u2019arr\u00eatent ici! Habituellement, ils sont tellement profond\u00e9ment dans leurs r\u00eaves qu\u2019ils continuent \u00e0 voler et se dirigent vers o\u00f9 la musique joue! Mais moi, je m\u2019amuse toujours \u00e0 les saluer en me disant qu\u2019un de ces jours, l\u2019un d\u2019eux me verra! Et, par la barbe de Katsar, tu es le premier! Je te souhaite donc la bienvenue! \u00bb Les paroles de l\u2019homme vous rassurent et vous \u00eates d\u00e9barrass\u00e9 de l\u2019inqui\u00e9tude que vous aviez au d\u00e9part. \u00ab Comme c\u2019est une premi\u00e8re pour moi, je ne sais trop quoi te dire d\u2019autre \u00e0 part que de te souhaiter un bon s\u00e9jour par ici \u00bb. Sur ce, l\u2019homme vous quitte sans vous donner l\u2019occasion de lui demander quoi que ce soit. Un peu d\u00e9\u00e7u, vous d\u00e9cidez de vous envoler \u00e0 nouveau pour continuer votre exploration. Mais malheur! Vous n\u2019arrivez plus \u00e0 vous envoler! Vous regardez devant vous et constatez que l\u2019endroit o\u00f9 vous \u00eates est immense! En plus, l\u2019endroit semble d\u00e9sert, si ce n\u2019est une bande d\u2019hommes un peu plus loin sur le quai. Vous avez la vague impression qu\u2019il serait plus judicieux de ne pas vous adresser \u00e0 eux. Vous r\u00e9alisez que vous auriez pu demander de l\u2019information \u00e0 l\u2019homme qui vous parlait il y a une minute, mais vous constatez en vous retournant qu\u2019il a disparu. Que faire?<\/p>\n<div class=\"btn-container  align-center\"><a class=\"organic-btn  dark-blue-btn small-btn  align-center\" href=\"http:\/\/www.katag.ca\/aventure-10\/\"><span class=\"btn-holder\">Vous d\u00e9cidez de continuer \u00e0 pied<\/span><\/a><\/div>\n<div class=\"btn-container  align-center\"><a class=\"organic-btn  dark-blue-btn small-btn  align-center\" href=\"http:\/\/www.katag.ca\/aventure-11\/\"><span class=\"btn-holder\">Vous en avez assez de cet endroit, car il vous fait un peu peur<\/span><\/a><\/div>\n","protected":false},"excerpt":{"rendered":"<p>Vous vous approchez doucement et prenez conscience que vous n\u2019\u00eates jamais atterri auparavant, mais tout semble se faire naturellement et vous vous posez sans difficult\u00e9. L\u2019homme qui se trouve devant vous vous para\u00eet d\u2019ici plus sympathique que vous ne le pensiez alors que vous voliez. Il a toutefois l\u2019air surpris de vous voir atterrir. \u00ab Bonsoir matelot! Tu excuseras ma surprise, mais il n\u2019arrive pas souvent que des r\u00eaveurs de ton monde prennent conscience de leurs r\u00eaves et s\u2019arr\u00eatent ici! Habituellement, ils sont tellement profond\u00e9ment dans leurs r\u00eaves&#8230;<\/p>\n","protected":false},"author":2,"featured_media":0,"parent":0,"menu_order":0,"comment_status":"closed","ping_status":"closed","template":"","meta":{"footnotes":""},"class_list":["post-973","page","type-page","status-publish","hentry"],"yoast_head":"<!-- This site is optimized with the Yoast SEO plugin v26.0 - https:\/\/yoast.com\/wordpress\/plugins\/seo\/ -->\n<title>Aventure 2 | Katag<\/title>\n<meta name=\"robots\" content=\"index, follow, max-snippet:-1, max-image-preview:large, max-video-preview:-1\" \/>\n<link rel=\"canonical\" href=\"https:\/\/www.katag.ca\/aventure-2\/\" \/>\n<meta property=\"og:locale\" content=\"en_US\" \/>\n<meta property=\"og:type\" content=\"article\" \/>\n<meta property=\"og:title\" content=\"Aventure 2 | Katag\" \/>\n<meta property=\"og:description\" content=\"Vous vous approchez doucement et prenez conscience que vous n\u2019\u00eates jamais atterri auparavant, mais tout semble se faire naturellement et vous vous posez sans difficult\u00e9. L\u2019homme qui se trouve devant vous vous para\u00eet d\u2019ici plus sympathique que vous ne le pensiez alors que vous voliez. Il a toutefois l\u2019air surpris de vous voir atterrir. \u00ab Bonsoir matelot! Tu excuseras ma surprise, mais il n\u2019arrive pas souvent que des r\u00eaveurs de ton monde prennent conscience de leurs r\u00eaves et s\u2019arr\u00eatent ici! Habituellement, ils sont tellement profond\u00e9ment dans leurs r\u00eaves...\" \/>\n<meta property=\"og:url\" content=\"https:\/\/www.katag.ca\/aventure-2\/\" \/>\n<meta property=\"og:site_name\" content=\"Katag\" \/>\n<meta property=\"article:publisher\" content=\"https:\/\/www.facebook.com\/Katag.ca\" \/>\n<meta property=\"article:modified_time\" content=\"2015-01-08T18:10:53+00:00\" \/>\n<meta name=\"twitter:card\" content=\"summary_large_image\" \/>\n<meta name=\"twitter:label1\" content=\"Est. reading time\" \/>\n\t<meta name=\"twitter:data1\" content=\"2 minutes\" \/>\n<script type=\"application\/ld+json\" class=\"yoast-schema-graph\">{\"@context\":\"https:\/\/schema.org\",\"@graph\":[{\"@type\":\"WebPage\",\"@id\":\"https:\/\/www.katag.ca\/aventure-2\/\",\"url\":\"https:\/\/www.katag.ca\/aventure-2\/\",\"name\":\"Aventure 2 | Katag\",\"isPartOf\":{\"@id\":\"https:\/\/www.katag.ca\/#website\"},\"datePublished\":\"2014-01-02T22:36:36+00:00\",\"dateModified\":\"2015-01-08T18:10:53+00:00\",\"breadcrumb\":{\"@id\":\"https:\/\/www.katag.ca\/aventure-2\/#breadcrumb\"},\"inLanguage\":\"en-US\",\"potentialAction\":[{\"@type\":\"ReadAction\",\"target\":[\"https:\/\/www.katag.ca\/aventure-2\/\"]}]},{\"@type\":\"BreadcrumbList\",\"@id\":\"https:\/\/www.katag.ca\/aventure-2\/#breadcrumb\",\"itemListElement\":[{\"@type\":\"ListItem\",\"position\":1,\"name\":\"Accueil\",\"item\":\"https:\/\/www.katag.ca\/\"},{\"@type\":\"ListItem\",\"position\":2,\"name\":\"Aventure 2\"}]},{\"@type\":\"WebSite\",\"@id\":\"https:\/\/www.katag.ca\/#website\",\"url\":\"https:\/\/www.katag.ca\/\",\"name\":\"Katag\",\"description\":\"LE jeu d'&eacute;p&eacute;es-mousse\",\"publisher\":{\"@id\":\"https:\/\/www.katag.ca\/#organization\"},\"potentialAction\":[{\"@type\":\"SearchAction\",\"target\":{\"@type\":\"EntryPoint\",\"urlTemplate\":\"https:\/\/www.katag.ca\/?s={search_term_string}\"},\"query-input\":{\"@type\":\"PropertyValueSpecification\",\"valueRequired\":true,\"valueName\":\"search_term_string\"}}],\"inLanguage\":\"en-US\"},{\"@type\":\"Organization\",\"@id\":\"https:\/\/www.katag.ca\/#organization\",\"name\":\"Katag\",\"url\":\"https:\/\/www.katag.ca\/\",\"logo\":{\"@type\":\"ImageObject\",\"inLanguage\":\"en-US\",\"@id\":\"https:\/\/www.katag.ca\/#\/schema\/logo\/image\/\",\"url\":\"https:\/\/www.katag.ca\/wp-content\/uploads\/2021\/03\/logo-fr.png\",\"contentUrl\":\"https:\/\/www.katag.ca\/wp-content\/uploads\/2021\/03\/logo-fr.png\",\"width\":338,\"height\":173,\"caption\":\"Katag\"},\"image\":{\"@id\":\"https:\/\/www.katag.ca\/#\/schema\/logo\/image\/\"},\"sameAs\":[\"https:\/\/www.facebook.com\/Katag.ca\"]}]}<\/script>\n<!-- \/ Yoast SEO plugin. -->","yoast_head_json":{"title":"Aventure 2 | Katag","robots":{"index":"index","follow":"follow","max-snippet":"max-snippet:-1","max-image-preview":"max-image-preview:large","max-video-preview":"max-video-preview:-1"},"canonical":"https:\/\/www.katag.ca\/aventure-2\/","og_locale":"en_US","og_type":"article","og_title":"Aventure 2 | Katag","og_description":"Vous vous approchez doucement et prenez conscience que vous n\u2019\u00eates jamais atterri auparavant, mais tout semble se faire naturellement et vous vous posez sans difficult\u00e9. L\u2019homme qui se trouve devant vous vous para\u00eet d\u2019ici plus sympathique que vous ne le pensiez alors que vous voliez. Il a toutefois l\u2019air surpris de vous voir atterrir. \u00ab Bonsoir matelot! Tu excuseras ma surprise, mais il n\u2019arrive pas souvent que des r\u00eaveurs de ton monde prennent conscience de leurs r\u00eaves et s\u2019arr\u00eatent ici! Habituellement, ils sont tellement profond\u00e9ment dans leurs r\u00eaves...","og_url":"https:\/\/www.katag.ca\/aventure-2\/","og_site_name":"Katag","article_publisher":"https:\/\/www.facebook.com\/Katag.ca","article_modified_time":"2015-01-08T18:10:53+00:00","twitter_card":"summary_large_image","twitter_misc":{"Est. reading time":"2 minutes"},"schema":{"@context":"https:\/\/schema.org","@graph":[{"@type":"WebPage","@id":"https:\/\/www.katag.ca\/aventure-2\/","url":"https:\/\/www.katag.ca\/aventure-2\/","name":"Aventure 2 | Katag","isPartOf":{"@id":"https:\/\/www.katag.ca\/#website"},"datePublished":"2014-01-02T22:36:36+00:00","dateModified":"2015-01-08T18:10:53+00:00","breadcrumb":{"@id":"https:\/\/www.katag.ca\/aventure-2\/#breadcrumb"},"inLanguage":"en-US","potentialAction":[{"@type":"ReadAction","target":["https:\/\/www.katag.ca\/aventure-2\/"]}]},{"@type":"BreadcrumbList","@id":"https:\/\/www.katag.ca\/aventure-2\/#breadcrumb","itemListElement":[{"@type":"ListItem","position":1,"name":"Accueil","item":"https:\/\/www.katag.ca\/"},{"@type":"ListItem","position":2,"name":"Aventure 2"}]},{"@type":"WebSite","@id":"https:\/\/www.katag.ca\/#website","url":"https:\/\/www.katag.ca\/","name":"Katag","description":"LE jeu d'&eacute;p&eacute;es-mousse","publisher":{"@id":"https:\/\/www.katag.ca\/#organization"},"potentialAction":[{"@type":"SearchAction","target":{"@type":"EntryPoint","urlTemplate":"https:\/\/www.katag.ca\/?s={search_term_string}"},"query-input":{"@type":"PropertyValueSpecification","valueRequired":true,"valueName":"search_term_string"}}],"inLanguage":"en-US"},{"@type":"Organization","@id":"https:\/\/www.katag.ca\/#organization","name":"Katag","url":"https:\/\/www.katag.ca\/","logo":{"@type":"ImageObject","inLanguage":"en-US","@id":"https:\/\/www.katag.ca\/#\/schema\/logo\/image\/","url":"https:\/\/www.katag.ca\/wp-content\/uploads\/2021\/03\/logo-fr.png","contentUrl":"https:\/\/www.katag.ca\/wp-content\/uploads\/2021\/03\/logo-fr.png","width":338,"height":173,"caption":"Katag"},"image":{"@id":"https:\/\/www.katag.ca\/#\/schema\/logo\/image\/"},"sameAs":["https:\/\/www.facebook.com\/Katag.ca"]}]}},"_links":{"self":[{"href":"https:\/\/www.katag.ca\/en\/wp-json\/wp\/v2\/pages\/973","targetHints":{"allow":["GET"]}}],"collection":[{"href":"https:\/\/www.katag.ca\/en\/wp-json\/wp\/v2\/pages"}],"about":[{"href":"https:\/\/www.katag.ca\/en\/wp-json\/wp\/v2\/types\/page"}],"author":[{"embeddable":true,"href":"https:\/\/www.katag.ca\/en\/wp-json\/wp\/v2\/users\/2"}],"replies":[{"embeddable":true,"href":"https:\/\/www.katag.ca\/en\/wp-json\/wp\/v2\/comments?post=973"}],"version-history":[{"count":4,"href":"https:\/\/www.katag.ca\/en\/wp-json\/wp\/v2\/pages\/973\/revisions"}],"predecessor-version":[{"id":1810,"href":"https:\/\/www.katag.ca\/en\/wp-json\/wp\/v2\/pages\/973\/revisions\/1810"}],"wp:attachment":[{"href":"https:\/\/www.katag.ca\/en\/wp-json\/wp\/v2\/media?parent=973"}],"curies":[{"name":"wp","href":"https:\/\/api.w.org\/{rel}","templated":true}]}}