{"id":977,"date":"2015-01-04T22:40:39","date_gmt":"2015-01-04T22:40:39","guid":{"rendered":"http:\/\/www.boutiquekatag.com\/?page_id=977"},"modified":"2015-01-09T19:26:18","modified_gmt":"2015-01-09T19:26:18","slug":"aventure-9","status":"publish","type":"page","link":"https:\/\/www.katag.ca\/en\/aventure-9\/","title":{"rendered":"Aventure 9"},"content":{"rendered":"<p>En continuant votre vol, vous pouvez voir d\u2019un c\u00f4t\u00e9 la cit\u00e9 flottante aper\u00e7ue la nuit derni\u00e8re et dont vous gardez un vague souvenir. Droit devant vous, se trouve le c\u0153ur de la ville. Vous pouvez y distinguer un stade ainsi qu\u2019une \u00e9norme structure juste \u00e0 c\u00f4t\u00e9 et un tas de lumi\u00e8re. Plus loin derri\u00e8re la ville, vous pouvez admirer une cha\u00eene de montagnes et, de l\u2019autre c\u00f4t\u00e9, un immense lac. \u00c0 l\u2019oppos\u00e9 du lac, se trouve un immense cube. Vers o\u00f9 allez-vous vous diriger?<\/p>\n<div class=\"btn-container  align-center\"><a class=\"organic-btn  dark-blue-btn small-btn  align-center\" href=\"http:\/\/www.katag.ca\/aventure-12\/\"><span class=\"btn-holder\">Vous d\u00e9sirez aller vers la cit\u00e9 flottante<\/span><\/a><\/div>\n<div class=\"btn-container  align-center\"><a class=\"organic-btn  dark-blue-btn small-btn  align-center\" href=\"http:\/\/www.katag.ca\/aventure-13\/\"><span class=\"btn-holder\">Vous pr\u00e9f\u00e9rez vous diriger vers la ville<\/span><\/a><\/div>\n<div class=\"btn-container  align-center\"><a class=\"organic-btn  dark-blue-btn small-btn  align-center\" href=\"http:\/\/www.katag.ca\/aventure-14\/\"><span class=\"btn-holder\">Vous choisissez de vous diriger vers les montagnes<\/span><\/a><\/div>\n<div class=\"btn-container  align-center\"><a class=\"organic-btn  dark-blue-btn small-btn  align-center\" href=\"http:\/\/www.katag.ca\/aventure-15\/\"><span class=\"btn-holder\">Vous prenez la direction du lac<\/span><\/a><\/div>\n<div class=\"btn-container  align-center\"><a class=\"organic-btn  dark-blue-btn small-btn  align-center\" href=\"http:\/\/www.katag.ca\/aventure-42\/\"><span class=\"btn-holder\">Vous allez vers le cube<\/span><\/a><\/div>\n","protected":false},"excerpt":{"rendered":"<p>En continuant votre vol, vous pouvez voir d\u2019un c\u00f4t\u00e9 la cit\u00e9 flottante aper\u00e7ue la nuit derni\u00e8re et dont vous gardez un vague souvenir. Droit devant vous, se trouve le c\u0153ur de la ville. Vous pouvez y distinguer un stade ainsi qu\u2019une \u00e9norme structure juste \u00e0 c\u00f4t\u00e9 et un tas de lumi\u00e8re. Plus loin derri\u00e8re la ville, vous pouvez admirer une cha\u00eene de montagnes et, de l\u2019autre c\u00f4t\u00e9, un immense lac. \u00c0 l\u2019oppos\u00e9 du lac, se trouve un immense cube. Vers o\u00f9 allez-vous vous diriger?<\/p>\n","protected":false},"author":2,"featured_media":0,"parent":0,"menu_order":0,"comment_status":"closed","ping_status":"closed","template":"","meta":{"footnotes":""},"class_list":["post-977","page","type-page","status-publish","hentry"],"yoast_head":"<!-- This site is optimized with the Yoast SEO plugin v26.0 - https:\/\/yoast.com\/wordpress\/plugins\/seo\/ -->\n<title>Aventure 9 | Katag<\/title>\n<meta name=\"robots\" content=\"index, follow, max-snippet:-1, max-image-preview:large, max-video-preview:-1\" \/>\n<link rel=\"canonical\" href=\"https:\/\/www.katag.ca\/aventure-9\/\" \/>\n<meta property=\"og:locale\" content=\"en_US\" \/>\n<meta property=\"og:type\" content=\"article\" \/>\n<meta property=\"og:title\" content=\"Aventure 9 | Katag\" \/>\n<meta property=\"og:description\" content=\"En continuant votre vol, vous pouvez voir d\u2019un c\u00f4t\u00e9 la cit\u00e9 flottante aper\u00e7ue la nuit derni\u00e8re et dont vous gardez un vague souvenir. Droit devant vous, se trouve le c\u0153ur de la ville. Vous pouvez y distinguer un stade ainsi qu\u2019une \u00e9norme structure juste \u00e0 c\u00f4t\u00e9 et un tas de lumi\u00e8re. Plus loin derri\u00e8re la ville, vous pouvez admirer une cha\u00eene de montagnes et, de l\u2019autre c\u00f4t\u00e9, un immense lac. \u00c0 l\u2019oppos\u00e9 du lac, se trouve un immense cube. Vers o\u00f9 allez-vous vous diriger?\" \/>\n<meta property=\"og:url\" content=\"https:\/\/www.katag.ca\/aventure-9\/\" \/>\n<meta property=\"og:site_name\" content=\"Katag\" \/>\n<meta property=\"article:publisher\" content=\"https:\/\/www.facebook.com\/Katag.ca\" \/>\n<meta property=\"article:modified_time\" content=\"2015-01-09T19:26:18+00:00\" \/>\n<meta name=\"twitter:card\" content=\"summary_large_image\" \/>\n<meta name=\"twitter:label1\" content=\"Est. reading time\" \/>\n\t<meta name=\"twitter:data1\" content=\"1 minute\" \/>\n<script type=\"application\/ld+json\" class=\"yoast-schema-graph\">{\"@context\":\"https:\/\/schema.org\",\"@graph\":[{\"@type\":\"WebPage\",\"@id\":\"https:\/\/www.katag.ca\/aventure-9\/\",\"url\":\"https:\/\/www.katag.ca\/aventure-9\/\",\"name\":\"Aventure 9 | Katag\",\"isPartOf\":{\"@id\":\"https:\/\/www.katag.ca\/#website\"},\"datePublished\":\"2015-01-04T22:40:39+00:00\",\"dateModified\":\"2015-01-09T19:26:18+00:00\",\"breadcrumb\":{\"@id\":\"https:\/\/www.katag.ca\/aventure-9\/#breadcrumb\"},\"inLanguage\":\"en-US\",\"potentialAction\":[{\"@type\":\"ReadAction\",\"target\":[\"https:\/\/www.katag.ca\/aventure-9\/\"]}]},{\"@type\":\"BreadcrumbList\",\"@id\":\"https:\/\/www.katag.ca\/aventure-9\/#breadcrumb\",\"itemListElement\":[{\"@type\":\"ListItem\",\"position\":1,\"name\":\"Accueil\",\"item\":\"https:\/\/www.katag.ca\/\"},{\"@type\":\"ListItem\",\"position\":2,\"name\":\"Aventure 9\"}]},{\"@type\":\"WebSite\",\"@id\":\"https:\/\/www.katag.ca\/#website\",\"url\":\"https:\/\/www.katag.ca\/\",\"name\":\"Katag\",\"description\":\"LE jeu d'&eacute;p&eacute;es-mousse\",\"publisher\":{\"@id\":\"https:\/\/www.katag.ca\/#organization\"},\"potentialAction\":[{\"@type\":\"SearchAction\",\"target\":{\"@type\":\"EntryPoint\",\"urlTemplate\":\"https:\/\/www.katag.ca\/?s={search_term_string}\"},\"query-input\":{\"@type\":\"PropertyValueSpecification\",\"valueRequired\":true,\"valueName\":\"search_term_string\"}}],\"inLanguage\":\"en-US\"},{\"@type\":\"Organization\",\"@id\":\"https:\/\/www.katag.ca\/#organization\",\"name\":\"Katag\",\"url\":\"https:\/\/www.katag.ca\/\",\"logo\":{\"@type\":\"ImageObject\",\"inLanguage\":\"en-US\",\"@id\":\"https:\/\/www.katag.ca\/#\/schema\/logo\/image\/\",\"url\":\"https:\/\/www.katag.ca\/wp-content\/uploads\/2021\/03\/logo-fr.png\",\"contentUrl\":\"https:\/\/www.katag.ca\/wp-content\/uploads\/2021\/03\/logo-fr.png\",\"width\":338,\"height\":173,\"caption\":\"Katag\"},\"image\":{\"@id\":\"https:\/\/www.katag.ca\/#\/schema\/logo\/image\/\"},\"sameAs\":[\"https:\/\/www.facebook.com\/Katag.ca\"]}]}<\/script>\n<!-- \/ Yoast SEO plugin. -->","yoast_head_json":{"title":"Aventure 9 | Katag","robots":{"index":"index","follow":"follow","max-snippet":"max-snippet:-1","max-image-preview":"max-image-preview:large","max-video-preview":"max-video-preview:-1"},"canonical":"https:\/\/www.katag.ca\/aventure-9\/","og_locale":"en_US","og_type":"article","og_title":"Aventure 9 | Katag","og_description":"En continuant votre vol, vous pouvez voir d\u2019un c\u00f4t\u00e9 la cit\u00e9 flottante aper\u00e7ue la nuit derni\u00e8re et dont vous gardez un vague souvenir. Droit devant vous, se trouve le c\u0153ur de la ville. Vous pouvez y distinguer un stade ainsi qu\u2019une \u00e9norme structure juste \u00e0 c\u00f4t\u00e9 et un tas de lumi\u00e8re. Plus loin derri\u00e8re la ville, vous pouvez admirer une cha\u00eene de montagnes et, de l\u2019autre c\u00f4t\u00e9, un immense lac. \u00c0 l\u2019oppos\u00e9 du lac, se trouve un immense cube. Vers o\u00f9 allez-vous vous diriger?","og_url":"https:\/\/www.katag.ca\/aventure-9\/","og_site_name":"Katag","article_publisher":"https:\/\/www.facebook.com\/Katag.ca","article_modified_time":"2015-01-09T19:26:18+00:00","twitter_card":"summary_large_image","twitter_misc":{"Est. reading time":"1 minute"},"schema":{"@context":"https:\/\/schema.org","@graph":[{"@type":"WebPage","@id":"https:\/\/www.katag.ca\/aventure-9\/","url":"https:\/\/www.katag.ca\/aventure-9\/","name":"Aventure 9 | Katag","isPartOf":{"@id":"https:\/\/www.katag.ca\/#website"},"datePublished":"2015-01-04T22:40:39+00:00","dateModified":"2015-01-09T19:26:18+00:00","breadcrumb":{"@id":"https:\/\/www.katag.ca\/aventure-9\/#breadcrumb"},"inLanguage":"en-US","potentialAction":[{"@type":"ReadAction","target":["https:\/\/www.katag.ca\/aventure-9\/"]}]},{"@type":"BreadcrumbList","@id":"https:\/\/www.katag.ca\/aventure-9\/#breadcrumb","itemListElement":[{"@type":"ListItem","position":1,"name":"Accueil","item":"https:\/\/www.katag.ca\/"},{"@type":"ListItem","position":2,"name":"Aventure 9"}]},{"@type":"WebSite","@id":"https:\/\/www.katag.ca\/#website","url":"https:\/\/www.katag.ca\/","name":"Katag","description":"LE jeu d'&eacute;p&eacute;es-mousse","publisher":{"@id":"https:\/\/www.katag.ca\/#organization"},"potentialAction":[{"@type":"SearchAction","target":{"@type":"EntryPoint","urlTemplate":"https:\/\/www.katag.ca\/?s={search_term_string}"},"query-input":{"@type":"PropertyValueSpecification","valueRequired":true,"valueName":"search_term_string"}}],"inLanguage":"en-US"},{"@type":"Organization","@id":"https:\/\/www.katag.ca\/#organization","name":"Katag","url":"https:\/\/www.katag.ca\/","logo":{"@type":"ImageObject","inLanguage":"en-US","@id":"https:\/\/www.katag.ca\/#\/schema\/logo\/image\/","url":"https:\/\/www.katag.ca\/wp-content\/uploads\/2021\/03\/logo-fr.png","contentUrl":"https:\/\/www.katag.ca\/wp-content\/uploads\/2021\/03\/logo-fr.png","width":338,"height":173,"caption":"Katag"},"image":{"@id":"https:\/\/www.katag.ca\/#\/schema\/logo\/image\/"},"sameAs":["https:\/\/www.facebook.com\/Katag.ca"]}]}},"_links":{"self":[{"href":"https:\/\/www.katag.ca\/en\/wp-json\/wp\/v2\/pages\/977","targetHints":{"allow":["GET"]}}],"collection":[{"href":"https:\/\/www.katag.ca\/en\/wp-json\/wp\/v2\/pages"}],"about":[{"href":"https:\/\/www.katag.ca\/en\/wp-json\/wp\/v2\/types\/page"}],"author":[{"embeddable":true,"href":"https:\/\/www.katag.ca\/en\/wp-json\/wp\/v2\/users\/2"}],"replies":[{"embeddable":true,"href":"https:\/\/www.katag.ca\/en\/wp-json\/wp\/v2\/comments?post=977"}],"version-history":[{"count":4,"href":"https:\/\/www.katag.ca\/en\/wp-json\/wp\/v2\/pages\/977\/revisions"}],"predecessor-version":[{"id":2323,"href":"https:\/\/www.katag.ca\/en\/wp-json\/wp\/v2\/pages\/977\/revisions\/2323"}],"wp:attachment":[{"href":"https:\/\/www.katag.ca\/en\/wp-json\/wp\/v2\/media?parent=977"}],"curies":[{"name":"wp","href":"https:\/\/api.w.org\/{rel}","templated":true}]}}