{"id":979,"date":"2015-01-04T22:41:33","date_gmt":"2015-01-04T22:41:33","guid":{"rendered":"http:\/\/www.boutiquekatag.com\/?page_id=979"},"modified":"2015-01-08T18:16:32","modified_gmt":"2015-01-08T18:16:32","slug":"aventure-10","status":"publish","type":"page","link":"https:\/\/www.katag.ca\/en\/aventure-10\/","title":{"rendered":"Aventure 10"},"content":{"rendered":"<p>Vous commencez \u00e0 regretter de vous \u00eatre pos\u00e9 ici plut\u00f4t que d\u2019avoir continu\u00e9 votre exploration, mais vous savez qu\u2019il va falloir faire avec. Vous commencez \u00e0 marcher et constatez que vous n\u2019aurez d\u2019autre choix que de passer pr\u00e8s de la bande d\u2019hommes que vous avez aper\u00e7ue. Vous d\u00e9cider de passer sans les regarder en tentant de faire le moins de bruit possible. Roulez les d\u00e9s.<\/p>\n<div class=\"btn-container  align-center\"><a class=\"organic-btn  dark-blue-btn small-btn  align-center\" href=\"http:\/\/www.katag.ca\/aventure-16\/\"><span class=\"btn-holder\">Si vous obtenez un r\u00e9sultat de moins de 4, cliquez ici<\/span><\/a><\/div>\n<div class=\"btn-container  align-center\"><a class=\"organic-btn  dark-blue-btn small-btn  align-center\" href=\"http:\/\/www.katag.ca\/aventure-17\/\"><span class=\"btn-holder\">Si vous obtenez 4 ou plus, cliquez ici<\/span><\/a><\/div>\n","protected":false},"excerpt":{"rendered":"<p>Vous commencez \u00e0 regretter de vous \u00eatre pos\u00e9 ici plut\u00f4t que d\u2019avoir continu\u00e9 votre exploration, mais vous savez qu\u2019il va falloir faire avec. Vous commencez \u00e0 marcher et constatez que vous n\u2019aurez d\u2019autre choix que de passer pr\u00e8s de la bande d\u2019hommes que vous avez aper\u00e7ue. Vous d\u00e9cider de passer sans les regarder en tentant de faire le moins de bruit possible. Roulez les d\u00e9s.<\/p>\n","protected":false},"author":2,"featured_media":0,"parent":0,"menu_order":0,"comment_status":"closed","ping_status":"closed","template":"","meta":{"footnotes":""},"class_list":["post-979","page","type-page","status-publish","hentry"],"yoast_head":"<!-- This site is optimized with the Yoast SEO plugin v26.0 - https:\/\/yoast.com\/wordpress\/plugins\/seo\/ -->\n<title>Aventure 10 | Katag<\/title>\n<meta name=\"robots\" content=\"index, follow, max-snippet:-1, max-image-preview:large, max-video-preview:-1\" \/>\n<link rel=\"canonical\" href=\"https:\/\/www.katag.ca\/aventure-10\/\" \/>\n<meta property=\"og:locale\" content=\"en_US\" \/>\n<meta property=\"og:type\" content=\"article\" \/>\n<meta property=\"og:title\" content=\"Aventure 10 | Katag\" \/>\n<meta property=\"og:description\" content=\"Vous commencez \u00e0 regretter de vous \u00eatre pos\u00e9 ici plut\u00f4t que d\u2019avoir continu\u00e9 votre exploration, mais vous savez qu\u2019il va falloir faire avec. Vous commencez \u00e0 marcher et constatez que vous n\u2019aurez d\u2019autre choix que de passer pr\u00e8s de la bande d\u2019hommes que vous avez aper\u00e7ue. Vous d\u00e9cider de passer sans les regarder en tentant de faire le moins de bruit possible. Roulez les d\u00e9s.\" \/>\n<meta property=\"og:url\" content=\"https:\/\/www.katag.ca\/aventure-10\/\" \/>\n<meta property=\"og:site_name\" content=\"Katag\" \/>\n<meta property=\"article:publisher\" content=\"https:\/\/www.facebook.com\/Katag.ca\" \/>\n<meta property=\"article:modified_time\" content=\"2015-01-08T18:16:32+00:00\" \/>\n<meta name=\"twitter:card\" content=\"summary_large_image\" \/>\n<meta name=\"twitter:label1\" content=\"Est. reading time\" \/>\n\t<meta name=\"twitter:data1\" content=\"1 minute\" \/>\n<script type=\"application\/ld+json\" class=\"yoast-schema-graph\">{\"@context\":\"https:\/\/schema.org\",\"@graph\":[{\"@type\":\"WebPage\",\"@id\":\"https:\/\/www.katag.ca\/aventure-10\/\",\"url\":\"https:\/\/www.katag.ca\/aventure-10\/\",\"name\":\"Aventure 10 | Katag\",\"isPartOf\":{\"@id\":\"https:\/\/www.katag.ca\/#website\"},\"datePublished\":\"2015-01-04T22:41:33+00:00\",\"dateModified\":\"2015-01-08T18:16:32+00:00\",\"breadcrumb\":{\"@id\":\"https:\/\/www.katag.ca\/aventure-10\/#breadcrumb\"},\"inLanguage\":\"en-US\",\"potentialAction\":[{\"@type\":\"ReadAction\",\"target\":[\"https:\/\/www.katag.ca\/aventure-10\/\"]}]},{\"@type\":\"BreadcrumbList\",\"@id\":\"https:\/\/www.katag.ca\/aventure-10\/#breadcrumb\",\"itemListElement\":[{\"@type\":\"ListItem\",\"position\":1,\"name\":\"Accueil\",\"item\":\"https:\/\/www.katag.ca\/\"},{\"@type\":\"ListItem\",\"position\":2,\"name\":\"Aventure 10\"}]},{\"@type\":\"WebSite\",\"@id\":\"https:\/\/www.katag.ca\/#website\",\"url\":\"https:\/\/www.katag.ca\/\",\"name\":\"Katag\",\"description\":\"LE jeu d'&eacute;p&eacute;es-mousse\",\"publisher\":{\"@id\":\"https:\/\/www.katag.ca\/#organization\"},\"potentialAction\":[{\"@type\":\"SearchAction\",\"target\":{\"@type\":\"EntryPoint\",\"urlTemplate\":\"https:\/\/www.katag.ca\/?s={search_term_string}\"},\"query-input\":{\"@type\":\"PropertyValueSpecification\",\"valueRequired\":true,\"valueName\":\"search_term_string\"}}],\"inLanguage\":\"en-US\"},{\"@type\":\"Organization\",\"@id\":\"https:\/\/www.katag.ca\/#organization\",\"name\":\"Katag\",\"url\":\"https:\/\/www.katag.ca\/\",\"logo\":{\"@type\":\"ImageObject\",\"inLanguage\":\"en-US\",\"@id\":\"https:\/\/www.katag.ca\/#\/schema\/logo\/image\/\",\"url\":\"https:\/\/www.katag.ca\/wp-content\/uploads\/2021\/03\/logo-fr.png\",\"contentUrl\":\"https:\/\/www.katag.ca\/wp-content\/uploads\/2021\/03\/logo-fr.png\",\"width\":338,\"height\":173,\"caption\":\"Katag\"},\"image\":{\"@id\":\"https:\/\/www.katag.ca\/#\/schema\/logo\/image\/\"},\"sameAs\":[\"https:\/\/www.facebook.com\/Katag.ca\"]}]}<\/script>\n<!-- \/ Yoast SEO plugin. -->","yoast_head_json":{"title":"Aventure 10 | Katag","robots":{"index":"index","follow":"follow","max-snippet":"max-snippet:-1","max-image-preview":"max-image-preview:large","max-video-preview":"max-video-preview:-1"},"canonical":"https:\/\/www.katag.ca\/aventure-10\/","og_locale":"en_US","og_type":"article","og_title":"Aventure 10 | Katag","og_description":"Vous commencez \u00e0 regretter de vous \u00eatre pos\u00e9 ici plut\u00f4t que d\u2019avoir continu\u00e9 votre exploration, mais vous savez qu\u2019il va falloir faire avec. Vous commencez \u00e0 marcher et constatez que vous n\u2019aurez d\u2019autre choix que de passer pr\u00e8s de la bande d\u2019hommes que vous avez aper\u00e7ue. Vous d\u00e9cider de passer sans les regarder en tentant de faire le moins de bruit possible. Roulez les d\u00e9s.","og_url":"https:\/\/www.katag.ca\/aventure-10\/","og_site_name":"Katag","article_publisher":"https:\/\/www.facebook.com\/Katag.ca","article_modified_time":"2015-01-08T18:16:32+00:00","twitter_card":"summary_large_image","twitter_misc":{"Est. reading time":"1 minute"},"schema":{"@context":"https:\/\/schema.org","@graph":[{"@type":"WebPage","@id":"https:\/\/www.katag.ca\/aventure-10\/","url":"https:\/\/www.katag.ca\/aventure-10\/","name":"Aventure 10 | Katag","isPartOf":{"@id":"https:\/\/www.katag.ca\/#website"},"datePublished":"2015-01-04T22:41:33+00:00","dateModified":"2015-01-08T18:16:32+00:00","breadcrumb":{"@id":"https:\/\/www.katag.ca\/aventure-10\/#breadcrumb"},"inLanguage":"en-US","potentialAction":[{"@type":"ReadAction","target":["https:\/\/www.katag.ca\/aventure-10\/"]}]},{"@type":"BreadcrumbList","@id":"https:\/\/www.katag.ca\/aventure-10\/#breadcrumb","itemListElement":[{"@type":"ListItem","position":1,"name":"Accueil","item":"https:\/\/www.katag.ca\/"},{"@type":"ListItem","position":2,"name":"Aventure 10"}]},{"@type":"WebSite","@id":"https:\/\/www.katag.ca\/#website","url":"https:\/\/www.katag.ca\/","name":"Katag","description":"LE jeu d'&eacute;p&eacute;es-mousse","publisher":{"@id":"https:\/\/www.katag.ca\/#organization"},"potentialAction":[{"@type":"SearchAction","target":{"@type":"EntryPoint","urlTemplate":"https:\/\/www.katag.ca\/?s={search_term_string}"},"query-input":{"@type":"PropertyValueSpecification","valueRequired":true,"valueName":"search_term_string"}}],"inLanguage":"en-US"},{"@type":"Organization","@id":"https:\/\/www.katag.ca\/#organization","name":"Katag","url":"https:\/\/www.katag.ca\/","logo":{"@type":"ImageObject","inLanguage":"en-US","@id":"https:\/\/www.katag.ca\/#\/schema\/logo\/image\/","url":"https:\/\/www.katag.ca\/wp-content\/uploads\/2021\/03\/logo-fr.png","contentUrl":"https:\/\/www.katag.ca\/wp-content\/uploads\/2021\/03\/logo-fr.png","width":338,"height":173,"caption":"Katag"},"image":{"@id":"https:\/\/www.katag.ca\/#\/schema\/logo\/image\/"},"sameAs":["https:\/\/www.facebook.com\/Katag.ca"]}]}},"_links":{"self":[{"href":"https:\/\/www.katag.ca\/en\/wp-json\/wp\/v2\/pages\/979","targetHints":{"allow":["GET"]}}],"collection":[{"href":"https:\/\/www.katag.ca\/en\/wp-json\/wp\/v2\/pages"}],"about":[{"href":"https:\/\/www.katag.ca\/en\/wp-json\/wp\/v2\/types\/page"}],"author":[{"embeddable":true,"href":"https:\/\/www.katag.ca\/en\/wp-json\/wp\/v2\/users\/2"}],"replies":[{"embeddable":true,"href":"https:\/\/www.katag.ca\/en\/wp-json\/wp\/v2\/comments?post=979"}],"version-history":[{"count":5,"href":"https:\/\/www.katag.ca\/en\/wp-json\/wp\/v2\/pages\/979\/revisions"}],"predecessor-version":[{"id":1813,"href":"https:\/\/www.katag.ca\/en\/wp-json\/wp\/v2\/pages\/979\/revisions\/1813"}],"wp:attachment":[{"href":"https:\/\/www.katag.ca\/en\/wp-json\/wp\/v2\/media?parent=979"}],"curies":[{"name":"wp","href":"https:\/\/api.w.org\/{rel}","templated":true}]}}