{"id":982,"date":"2015-01-04T22:42:40","date_gmt":"2015-01-04T22:42:40","guid":{"rendered":"http:\/\/www.boutiquekatag.com\/?page_id=982"},"modified":"2015-01-04T22:42:40","modified_gmt":"2015-01-04T22:42:40","slug":"aventure-11","status":"publish","type":"page","link":"https:\/\/www.katag.ca\/en\/aventure-11\/","title":{"rendered":"Aventure 11"},"content":{"rendered":"<p>Comme votre sommeil \u00e9tait agit\u00e9, vous vous r\u00e9veillez tout en sueur dans votre lit. Vous savez que vous avez fait pour la premi\u00e8re fois un r\u00eave conscient et que ce n\u2019est s\u00fbrement pas la derni\u00e8re! Vous avez d\u00e9j\u00e0 accompli un grand pas ce soir et vous vous sentez tout de m\u00eame fier de vous! Vous d\u00e9cidez quand m\u00eame que vous avez besoin d\u2019une bonne nuit de repos et que vous allez tenter \u00e0 nouveau l\u2019exp\u00e9rience un autre soir. Votre aventure se termine ici.<\/p>\n","protected":false},"excerpt":{"rendered":"<p>Comme votre sommeil \u00e9tait agit\u00e9, vous vous r\u00e9veillez tout en sueur dans votre lit. Vous savez que vous avez fait pour la premi\u00e8re fois un r\u00eave conscient et que ce n\u2019est s\u00fbrement pas la derni\u00e8re! Vous avez d\u00e9j\u00e0 accompli un grand pas ce soir et vous vous sentez tout de m\u00eame fier de vous! Vous d\u00e9cidez quand m\u00eame que vous avez besoin d\u2019une bonne nuit de repos et que vous allez tenter \u00e0 nouveau l\u2019exp\u00e9rience un autre soir. Votre aventure se termine ici.<\/p>\n","protected":false},"author":2,"featured_media":0,"parent":0,"menu_order":0,"comment_status":"closed","ping_status":"closed","template":"","meta":{"footnotes":""},"class_list":["post-982","page","type-page","status-publish","hentry"],"yoast_head":"<!-- This site is optimized with the Yoast SEO plugin v26.0 - https:\/\/yoast.com\/wordpress\/plugins\/seo\/ -->\n<title>Aventure 11 | Katag<\/title>\n<meta name=\"robots\" content=\"index, follow, max-snippet:-1, max-image-preview:large, max-video-preview:-1\" \/>\n<link rel=\"canonical\" href=\"https:\/\/www.katag.ca\/en\/aventure-11\/\" \/>\n<meta property=\"og:locale\" content=\"en_US\" \/>\n<meta property=\"og:type\" content=\"article\" \/>\n<meta property=\"og:title\" content=\"Aventure 11 | Katag\" \/>\n<meta property=\"og:description\" content=\"Comme votre sommeil \u00e9tait agit\u00e9, vous vous r\u00e9veillez tout en sueur dans votre lit. Vous savez que vous avez fait pour la premi\u00e8re fois un r\u00eave conscient et que ce n\u2019est s\u00fbrement pas la derni\u00e8re! Vous avez d\u00e9j\u00e0 accompli un grand pas ce soir et vous vous sentez tout de m\u00eame fier de vous! Vous d\u00e9cidez quand m\u00eame que vous avez besoin d\u2019une bonne nuit de repos et que vous allez tenter \u00e0 nouveau l\u2019exp\u00e9rience un autre soir. Votre aventure se termine ici.\" \/>\n<meta property=\"og:url\" content=\"https:\/\/www.katag.ca\/en\/aventure-11\/\" \/>\n<meta property=\"og:site_name\" content=\"Katag\" \/>\n<meta property=\"article:publisher\" content=\"https:\/\/www.facebook.com\/Katag.ca\" \/>\n<meta name=\"twitter:card\" content=\"summary_large_image\" \/>\n<script type=\"application\/ld+json\" class=\"yoast-schema-graph\">{\"@context\":\"https:\/\/schema.org\",\"@graph\":[{\"@type\":\"WebPage\",\"@id\":\"https:\/\/www.katag.ca\/en\/aventure-11\/\",\"url\":\"https:\/\/www.katag.ca\/en\/aventure-11\/\",\"name\":\"Aventure 11 | Katag\",\"isPartOf\":{\"@id\":\"https:\/\/www.katag.ca\/#website\"},\"datePublished\":\"2015-01-04T22:42:40+00:00\",\"breadcrumb\":{\"@id\":\"https:\/\/www.katag.ca\/en\/aventure-11\/#breadcrumb\"},\"inLanguage\":\"en-US\",\"potentialAction\":[{\"@type\":\"ReadAction\",\"target\":[\"https:\/\/www.katag.ca\/en\/aventure-11\/\"]}]},{\"@type\":\"BreadcrumbList\",\"@id\":\"https:\/\/www.katag.ca\/en\/aventure-11\/#breadcrumb\",\"itemListElement\":[{\"@type\":\"ListItem\",\"position\":1,\"name\":\"Accueil\",\"item\":\"https:\/\/www.katag.ca\/\"},{\"@type\":\"ListItem\",\"position\":2,\"name\":\"Aventure 11\"}]},{\"@type\":\"WebSite\",\"@id\":\"https:\/\/www.katag.ca\/#website\",\"url\":\"https:\/\/www.katag.ca\/\",\"name\":\"Katag\",\"description\":\"LE jeu d'&eacute;p&eacute;es-mousse\",\"publisher\":{\"@id\":\"https:\/\/www.katag.ca\/#organization\"},\"potentialAction\":[{\"@type\":\"SearchAction\",\"target\":{\"@type\":\"EntryPoint\",\"urlTemplate\":\"https:\/\/www.katag.ca\/?s={search_term_string}\"},\"query-input\":{\"@type\":\"PropertyValueSpecification\",\"valueRequired\":true,\"valueName\":\"search_term_string\"}}],\"inLanguage\":\"en-US\"},{\"@type\":\"Organization\",\"@id\":\"https:\/\/www.katag.ca\/#organization\",\"name\":\"Katag\",\"url\":\"https:\/\/www.katag.ca\/\",\"logo\":{\"@type\":\"ImageObject\",\"inLanguage\":\"en-US\",\"@id\":\"https:\/\/www.katag.ca\/#\/schema\/logo\/image\/\",\"url\":\"https:\/\/www.katag.ca\/wp-content\/uploads\/2021\/03\/logo-fr.png\",\"contentUrl\":\"https:\/\/www.katag.ca\/wp-content\/uploads\/2021\/03\/logo-fr.png\",\"width\":338,\"height\":173,\"caption\":\"Katag\"},\"image\":{\"@id\":\"https:\/\/www.katag.ca\/#\/schema\/logo\/image\/\"},\"sameAs\":[\"https:\/\/www.facebook.com\/Katag.ca\"]}]}<\/script>\n<!-- \/ Yoast SEO plugin. -->","yoast_head_json":{"title":"Aventure 11 | Katag","robots":{"index":"index","follow":"follow","max-snippet":"max-snippet:-1","max-image-preview":"max-image-preview:large","max-video-preview":"max-video-preview:-1"},"canonical":"https:\/\/www.katag.ca\/en\/aventure-11\/","og_locale":"en_US","og_type":"article","og_title":"Aventure 11 | Katag","og_description":"Comme votre sommeil \u00e9tait agit\u00e9, vous vous r\u00e9veillez tout en sueur dans votre lit. Vous savez que vous avez fait pour la premi\u00e8re fois un r\u00eave conscient et que ce n\u2019est s\u00fbrement pas la derni\u00e8re! Vous avez d\u00e9j\u00e0 accompli un grand pas ce soir et vous vous sentez tout de m\u00eame fier de vous! Vous d\u00e9cidez quand m\u00eame que vous avez besoin d\u2019une bonne nuit de repos et que vous allez tenter \u00e0 nouveau l\u2019exp\u00e9rience un autre soir. Votre aventure se termine ici.","og_url":"https:\/\/www.katag.ca\/en\/aventure-11\/","og_site_name":"Katag","article_publisher":"https:\/\/www.facebook.com\/Katag.ca","twitter_card":"summary_large_image","schema":{"@context":"https:\/\/schema.org","@graph":[{"@type":"WebPage","@id":"https:\/\/www.katag.ca\/en\/aventure-11\/","url":"https:\/\/www.katag.ca\/en\/aventure-11\/","name":"Aventure 11 | Katag","isPartOf":{"@id":"https:\/\/www.katag.ca\/#website"},"datePublished":"2015-01-04T22:42:40+00:00","breadcrumb":{"@id":"https:\/\/www.katag.ca\/en\/aventure-11\/#breadcrumb"},"inLanguage":"en-US","potentialAction":[{"@type":"ReadAction","target":["https:\/\/www.katag.ca\/en\/aventure-11\/"]}]},{"@type":"BreadcrumbList","@id":"https:\/\/www.katag.ca\/en\/aventure-11\/#breadcrumb","itemListElement":[{"@type":"ListItem","position":1,"name":"Accueil","item":"https:\/\/www.katag.ca\/"},{"@type":"ListItem","position":2,"name":"Aventure 11"}]},{"@type":"WebSite","@id":"https:\/\/www.katag.ca\/#website","url":"https:\/\/www.katag.ca\/","name":"Katag","description":"LE jeu d'&eacute;p&eacute;es-mousse","publisher":{"@id":"https:\/\/www.katag.ca\/#organization"},"potentialAction":[{"@type":"SearchAction","target":{"@type":"EntryPoint","urlTemplate":"https:\/\/www.katag.ca\/?s={search_term_string}"},"query-input":{"@type":"PropertyValueSpecification","valueRequired":true,"valueName":"search_term_string"}}],"inLanguage":"en-US"},{"@type":"Organization","@id":"https:\/\/www.katag.ca\/#organization","name":"Katag","url":"https:\/\/www.katag.ca\/","logo":{"@type":"ImageObject","inLanguage":"en-US","@id":"https:\/\/www.katag.ca\/#\/schema\/logo\/image\/","url":"https:\/\/www.katag.ca\/wp-content\/uploads\/2021\/03\/logo-fr.png","contentUrl":"https:\/\/www.katag.ca\/wp-content\/uploads\/2021\/03\/logo-fr.png","width":338,"height":173,"caption":"Katag"},"image":{"@id":"https:\/\/www.katag.ca\/#\/schema\/logo\/image\/"},"sameAs":["https:\/\/www.facebook.com\/Katag.ca"]}]}},"_links":{"self":[{"href":"https:\/\/www.katag.ca\/en\/wp-json\/wp\/v2\/pages\/982","targetHints":{"allow":["GET"]}}],"collection":[{"href":"https:\/\/www.katag.ca\/en\/wp-json\/wp\/v2\/pages"}],"about":[{"href":"https:\/\/www.katag.ca\/en\/wp-json\/wp\/v2\/types\/page"}],"author":[{"embeddable":true,"href":"https:\/\/www.katag.ca\/en\/wp-json\/wp\/v2\/users\/2"}],"replies":[{"embeddable":true,"href":"https:\/\/www.katag.ca\/en\/wp-json\/wp\/v2\/comments?post=982"}],"version-history":[{"count":1,"href":"https:\/\/www.katag.ca\/en\/wp-json\/wp\/v2\/pages\/982\/revisions"}],"predecessor-version":[{"id":983,"href":"https:\/\/www.katag.ca\/en\/wp-json\/wp\/v2\/pages\/982\/revisions\/983"}],"wp:attachment":[{"href":"https:\/\/www.katag.ca\/en\/wp-json\/wp\/v2\/media?parent=982"}],"curies":[{"name":"wp","href":"https:\/\/api.w.org\/{rel}","templated":true}]}}