{"id":990,"date":"2015-01-04T22:46:11","date_gmt":"2015-01-04T22:46:11","guid":{"rendered":"http:\/\/www.boutiquekatag.com\/?page_id=990"},"modified":"2015-01-09T16:38:27","modified_gmt":"2015-01-09T16:38:27","slug":"aventure-48","status":"publish","type":"page","link":"https:\/\/www.katag.ca\/en\/aventure-48\/","title":{"rendered":"Aventure 48"},"content":{"rendered":"<p>Vous montez dans une des sph\u00e8res vides et remarquez qu\u2019il y a huit si\u00e8ges. La porte se referme et vous prenez place sur un des si\u00e8ges. Vous entendez ensuite un bip sonore et les wagons sph\u00e9riques commencent \u00e0 se d\u00e9placer lentement, puis prennent rapidement de la vitesse. Comme vous n\u2019arrivez plus \u00e0 voir \u00e0 l\u2019ext\u00e9rieur, vous imaginez que, soit vous allez \u00e0 une vitesse folle, ou que vous \u00eates sous terre. Quelques minutes plus tard, vous sentez les wagons ralentir, puis s\u2019arr\u00eater. Au travers des vitres, vous pouvez lire, sur un panneau \u00e0 votre droite Transkara 6. En regardant autour, vous remarquez \u00e9galement que vous semblez \u00eatre pr\u00e8s d\u2019un grand lac. Vous notez \u00e9galement que personne ne sort des wagons.<\/p>\n<div class=\"btn-container  align-center\"><a class=\"organic-btn  dark-blue-btn small-btn  align-center\" href=\"http:\/\/www.katag.ca\/aventure-62\/\"><span class=\"btn-holder\">Vous d\u00e9sirez sortir du wagon<\/span><\/a><\/div>\n<div class=\"btn-container  align-center\"><a class=\"organic-btn  dark-blue-btn small-btn  align-center\" href=\"http:\/\/www.katag.ca\/aventure-63\/\"><span class=\"btn-holder\">Vous pr\u00e9f\u00e9rez rester et continuer<\/span><\/a><\/div>\n","protected":false},"excerpt":{"rendered":"<p>Vous montez dans une des sph\u00e8res vides et remarquez qu\u2019il y a huit si\u00e8ges. La porte se referme et vous prenez place sur un des si\u00e8ges. Vous entendez ensuite un bip sonore et les wagons sph\u00e9riques commencent \u00e0 se d\u00e9placer lentement, puis prennent rapidement de la vitesse. Comme vous n\u2019arrivez plus \u00e0 voir \u00e0 l\u2019ext\u00e9rieur, vous imaginez que, soit vous allez \u00e0 une vitesse folle, ou que vous \u00eates sous terre. Quelques minutes plus tard, vous sentez les wagons ralentir, puis s\u2019arr\u00eater. Au travers des vitres, vous pouvez&#8230;<\/p>\n","protected":false},"author":2,"featured_media":0,"parent":0,"menu_order":0,"comment_status":"closed","ping_status":"closed","template":"","meta":{"footnotes":""},"class_list":["post-990","page","type-page","status-publish","hentry"],"yoast_head":"<!-- This site is optimized with the Yoast SEO plugin v26.0 - https:\/\/yoast.com\/wordpress\/plugins\/seo\/ -->\n<title>Aventure 48 | Katag<\/title>\n<meta name=\"robots\" content=\"index, follow, max-snippet:-1, max-image-preview:large, max-video-preview:-1\" \/>\n<link rel=\"canonical\" href=\"https:\/\/www.katag.ca\/aventure-48\/\" \/>\n<meta property=\"og:locale\" content=\"en_US\" \/>\n<meta property=\"og:type\" content=\"article\" \/>\n<meta property=\"og:title\" content=\"Aventure 48 | Katag\" \/>\n<meta property=\"og:description\" content=\"Vous montez dans une des sph\u00e8res vides et remarquez qu\u2019il y a huit si\u00e8ges. La porte se referme et vous prenez place sur un des si\u00e8ges. Vous entendez ensuite un bip sonore et les wagons sph\u00e9riques commencent \u00e0 se d\u00e9placer lentement, puis prennent rapidement de la vitesse. Comme vous n\u2019arrivez plus \u00e0 voir \u00e0 l\u2019ext\u00e9rieur, vous imaginez que, soit vous allez \u00e0 une vitesse folle, ou que vous \u00eates sous terre. Quelques minutes plus tard, vous sentez les wagons ralentir, puis s\u2019arr\u00eater. Au travers des vitres, vous pouvez...\" \/>\n<meta property=\"og:url\" content=\"https:\/\/www.katag.ca\/aventure-48\/\" \/>\n<meta property=\"og:site_name\" content=\"Katag\" \/>\n<meta property=\"article:publisher\" content=\"https:\/\/www.facebook.com\/Katag.ca\" \/>\n<meta property=\"article:modified_time\" content=\"2015-01-09T16:38:27+00:00\" \/>\n<meta name=\"twitter:card\" content=\"summary_large_image\" \/>\n<meta name=\"twitter:label1\" content=\"Est. reading time\" \/>\n\t<meta name=\"twitter:data1\" content=\"1 minute\" \/>\n<script type=\"application\/ld+json\" class=\"yoast-schema-graph\">{\"@context\":\"https:\/\/schema.org\",\"@graph\":[{\"@type\":\"WebPage\",\"@id\":\"https:\/\/www.katag.ca\/aventure-48\/\",\"url\":\"https:\/\/www.katag.ca\/aventure-48\/\",\"name\":\"Aventure 48 | Katag\",\"isPartOf\":{\"@id\":\"https:\/\/www.katag.ca\/#website\"},\"datePublished\":\"2015-01-04T22:46:11+00:00\",\"dateModified\":\"2015-01-09T16:38:27+00:00\",\"breadcrumb\":{\"@id\":\"https:\/\/www.katag.ca\/aventure-48\/#breadcrumb\"},\"inLanguage\":\"en-US\",\"potentialAction\":[{\"@type\":\"ReadAction\",\"target\":[\"https:\/\/www.katag.ca\/aventure-48\/\"]}]},{\"@type\":\"BreadcrumbList\",\"@id\":\"https:\/\/www.katag.ca\/aventure-48\/#breadcrumb\",\"itemListElement\":[{\"@type\":\"ListItem\",\"position\":1,\"name\":\"Accueil\",\"item\":\"https:\/\/www.katag.ca\/\"},{\"@type\":\"ListItem\",\"position\":2,\"name\":\"Aventure 48\"}]},{\"@type\":\"WebSite\",\"@id\":\"https:\/\/www.katag.ca\/#website\",\"url\":\"https:\/\/www.katag.ca\/\",\"name\":\"Katag\",\"description\":\"LE jeu d'&eacute;p&eacute;es-mousse\",\"publisher\":{\"@id\":\"https:\/\/www.katag.ca\/#organization\"},\"potentialAction\":[{\"@type\":\"SearchAction\",\"target\":{\"@type\":\"EntryPoint\",\"urlTemplate\":\"https:\/\/www.katag.ca\/?s={search_term_string}\"},\"query-input\":{\"@type\":\"PropertyValueSpecification\",\"valueRequired\":true,\"valueName\":\"search_term_string\"}}],\"inLanguage\":\"en-US\"},{\"@type\":\"Organization\",\"@id\":\"https:\/\/www.katag.ca\/#organization\",\"name\":\"Katag\",\"url\":\"https:\/\/www.katag.ca\/\",\"logo\":{\"@type\":\"ImageObject\",\"inLanguage\":\"en-US\",\"@id\":\"https:\/\/www.katag.ca\/#\/schema\/logo\/image\/\",\"url\":\"https:\/\/www.katag.ca\/wp-content\/uploads\/2021\/03\/logo-fr.png\",\"contentUrl\":\"https:\/\/www.katag.ca\/wp-content\/uploads\/2021\/03\/logo-fr.png\",\"width\":338,\"height\":173,\"caption\":\"Katag\"},\"image\":{\"@id\":\"https:\/\/www.katag.ca\/#\/schema\/logo\/image\/\"},\"sameAs\":[\"https:\/\/www.facebook.com\/Katag.ca\"]}]}<\/script>\n<!-- \/ Yoast SEO plugin. -->","yoast_head_json":{"title":"Aventure 48 | Katag","robots":{"index":"index","follow":"follow","max-snippet":"max-snippet:-1","max-image-preview":"max-image-preview:large","max-video-preview":"max-video-preview:-1"},"canonical":"https:\/\/www.katag.ca\/aventure-48\/","og_locale":"en_US","og_type":"article","og_title":"Aventure 48 | Katag","og_description":"Vous montez dans une des sph\u00e8res vides et remarquez qu\u2019il y a huit si\u00e8ges. La porte se referme et vous prenez place sur un des si\u00e8ges. Vous entendez ensuite un bip sonore et les wagons sph\u00e9riques commencent \u00e0 se d\u00e9placer lentement, puis prennent rapidement de la vitesse. Comme vous n\u2019arrivez plus \u00e0 voir \u00e0 l\u2019ext\u00e9rieur, vous imaginez que, soit vous allez \u00e0 une vitesse folle, ou que vous \u00eates sous terre. Quelques minutes plus tard, vous sentez les wagons ralentir, puis s\u2019arr\u00eater. Au travers des vitres, vous pouvez...","og_url":"https:\/\/www.katag.ca\/aventure-48\/","og_site_name":"Katag","article_publisher":"https:\/\/www.facebook.com\/Katag.ca","article_modified_time":"2015-01-09T16:38:27+00:00","twitter_card":"summary_large_image","twitter_misc":{"Est. reading time":"1 minute"},"schema":{"@context":"https:\/\/schema.org","@graph":[{"@type":"WebPage","@id":"https:\/\/www.katag.ca\/aventure-48\/","url":"https:\/\/www.katag.ca\/aventure-48\/","name":"Aventure 48 | Katag","isPartOf":{"@id":"https:\/\/www.katag.ca\/#website"},"datePublished":"2015-01-04T22:46:11+00:00","dateModified":"2015-01-09T16:38:27+00:00","breadcrumb":{"@id":"https:\/\/www.katag.ca\/aventure-48\/#breadcrumb"},"inLanguage":"en-US","potentialAction":[{"@type":"ReadAction","target":["https:\/\/www.katag.ca\/aventure-48\/"]}]},{"@type":"BreadcrumbList","@id":"https:\/\/www.katag.ca\/aventure-48\/#breadcrumb","itemListElement":[{"@type":"ListItem","position":1,"name":"Accueil","item":"https:\/\/www.katag.ca\/"},{"@type":"ListItem","position":2,"name":"Aventure 48"}]},{"@type":"WebSite","@id":"https:\/\/www.katag.ca\/#website","url":"https:\/\/www.katag.ca\/","name":"Katag","description":"LE jeu d'&eacute;p&eacute;es-mousse","publisher":{"@id":"https:\/\/www.katag.ca\/#organization"},"potentialAction":[{"@type":"SearchAction","target":{"@type":"EntryPoint","urlTemplate":"https:\/\/www.katag.ca\/?s={search_term_string}"},"query-input":{"@type":"PropertyValueSpecification","valueRequired":true,"valueName":"search_term_string"}}],"inLanguage":"en-US"},{"@type":"Organization","@id":"https:\/\/www.katag.ca\/#organization","name":"Katag","url":"https:\/\/www.katag.ca\/","logo":{"@type":"ImageObject","inLanguage":"en-US","@id":"https:\/\/www.katag.ca\/#\/schema\/logo\/image\/","url":"https:\/\/www.katag.ca\/wp-content\/uploads\/2021\/03\/logo-fr.png","contentUrl":"https:\/\/www.katag.ca\/wp-content\/uploads\/2021\/03\/logo-fr.png","width":338,"height":173,"caption":"Katag"},"image":{"@id":"https:\/\/www.katag.ca\/#\/schema\/logo\/image\/"},"sameAs":["https:\/\/www.facebook.com\/Katag.ca"]}]}},"_links":{"self":[{"href":"https:\/\/www.katag.ca\/en\/wp-json\/wp\/v2\/pages\/990","targetHints":{"allow":["GET"]}}],"collection":[{"href":"https:\/\/www.katag.ca\/en\/wp-json\/wp\/v2\/pages"}],"about":[{"href":"https:\/\/www.katag.ca\/en\/wp-json\/wp\/v2\/types\/page"}],"author":[{"embeddable":true,"href":"https:\/\/www.katag.ca\/en\/wp-json\/wp\/v2\/users\/2"}],"replies":[{"embeddable":true,"href":"https:\/\/www.katag.ca\/en\/wp-json\/wp\/v2\/comments?post=990"}],"version-history":[{"count":3,"href":"https:\/\/www.katag.ca\/en\/wp-json\/wp\/v2\/pages\/990\/revisions"}],"predecessor-version":[{"id":2223,"href":"https:\/\/www.katag.ca\/en\/wp-json\/wp\/v2\/pages\/990\/revisions\/2223"}],"wp:attachment":[{"href":"https:\/\/www.katag.ca\/en\/wp-json\/wp\/v2\/media?parent=990"}],"curies":[{"name":"wp","href":"https:\/\/api.w.org\/{rel}","templated":true}]}}