{"id":992,"date":"2015-01-04T22:46:57","date_gmt":"2015-01-04T22:46:57","guid":{"rendered":"http:\/\/www.boutiquekatag.com\/?page_id=992"},"modified":"2015-01-09T16:47:35","modified_gmt":"2015-01-09T16:47:35","slug":"aventure-49","status":"publish","type":"page","link":"https:\/\/www.katag.ca\/en\/aventure-49\/","title":{"rendered":"Aventure 49"},"content":{"rendered":"<p>Vous regardez les wagons sph\u00e9riques quitter \u00e0 toute allure et emprunter la rue sombre. Vous marchez pendant un temps. Au d\u00e9but, il y avait des petits b\u00e2timents de formes \u00e9tranges dans les environs et vous avez conclu qu\u2019il s\u2019agissait fort probablement de maisons. Mais \u00e0 force de marcher, les b\u00e2timents se sont faits de plus en plus rares. Vous arrivez maintenant \u00e0 un embranchement se situant sur votre gauche. La rue sombre semble \u00e9galement continuer plus loin. Qu\u2019allez-vous faire?<\/p>\n<div class=\"btn-container  align-center\"><a class=\"organic-btn  dark-blue-btn small-btn  align-center\" href=\"http:\/\/www.katag.ca\/aventure-64\/\"><span class=\"btn-holder\">Vous d\u00e9sirez continuer sur la m\u00eame rue<\/span><\/a><\/div>\n<div class=\"btn-container  align-center\"><a class=\"organic-btn  dark-blue-btn small-btn  align-center\" href=\"http:\/\/www.katag.ca\/aventure-65\/\"><span class=\"btn-holder\">Vous pr\u00e9f\u00e9rez vous engager dans l\u2019embranchement<\/span><\/a><\/div>\n<div class=\"btn-container  align-center\"><a class=\"organic-btn  dark-blue-btn small-btn  align-center\" href=\"http:\/\/www.katag.ca\/aventure-66\/\"><span class=\"btn-holder\">Vous choisissez de rebrousser chemin et retourner vers la gare<\/span><\/a><\/div>\n","protected":false},"excerpt":{"rendered":"<p>Vous regardez les wagons sph\u00e9riques quitter \u00e0 toute allure et emprunter la rue sombre. Vous marchez pendant un temps. Au d\u00e9but, il y avait des petits b\u00e2timents de formes \u00e9tranges dans les environs et vous avez conclu qu\u2019il s\u2019agissait fort probablement de maisons. Mais \u00e0 force de marcher, les b\u00e2timents se sont faits de plus en plus rares. Vous arrivez maintenant \u00e0 un embranchement se situant sur votre gauche. La rue sombre semble \u00e9galement continuer plus loin. Qu\u2019allez-vous faire?<\/p>\n","protected":false},"author":2,"featured_media":0,"parent":0,"menu_order":0,"comment_status":"closed","ping_status":"closed","template":"","meta":{"footnotes":""},"class_list":["post-992","page","type-page","status-publish","hentry"],"yoast_head":"<!-- This site is optimized with the Yoast SEO plugin v26.0 - https:\/\/yoast.com\/wordpress\/plugins\/seo\/ -->\n<title>Aventure 49 | Katag<\/title>\n<meta name=\"robots\" content=\"index, follow, max-snippet:-1, max-image-preview:large, max-video-preview:-1\" \/>\n<link rel=\"canonical\" href=\"https:\/\/www.katag.ca\/aventure-49\/\" \/>\n<meta property=\"og:locale\" content=\"en_US\" \/>\n<meta property=\"og:type\" content=\"article\" \/>\n<meta property=\"og:title\" content=\"Aventure 49 | Katag\" \/>\n<meta property=\"og:description\" content=\"Vous regardez les wagons sph\u00e9riques quitter \u00e0 toute allure et emprunter la rue sombre. Vous marchez pendant un temps. Au d\u00e9but, il y avait des petits b\u00e2timents de formes \u00e9tranges dans les environs et vous avez conclu qu\u2019il s\u2019agissait fort probablement de maisons. Mais \u00e0 force de marcher, les b\u00e2timents se sont faits de plus en plus rares. Vous arrivez maintenant \u00e0 un embranchement se situant sur votre gauche. La rue sombre semble \u00e9galement continuer plus loin. Qu\u2019allez-vous faire?\" \/>\n<meta property=\"og:url\" content=\"https:\/\/www.katag.ca\/aventure-49\/\" \/>\n<meta property=\"og:site_name\" content=\"Katag\" \/>\n<meta property=\"article:publisher\" content=\"https:\/\/www.facebook.com\/Katag.ca\" \/>\n<meta property=\"article:modified_time\" content=\"2015-01-09T16:47:35+00:00\" \/>\n<meta name=\"twitter:card\" content=\"summary_large_image\" \/>\n<meta name=\"twitter:label1\" content=\"Est. reading time\" \/>\n\t<meta name=\"twitter:data1\" content=\"1 minute\" \/>\n<script type=\"application\/ld+json\" class=\"yoast-schema-graph\">{\"@context\":\"https:\/\/schema.org\",\"@graph\":[{\"@type\":\"WebPage\",\"@id\":\"https:\/\/www.katag.ca\/aventure-49\/\",\"url\":\"https:\/\/www.katag.ca\/aventure-49\/\",\"name\":\"Aventure 49 | Katag\",\"isPartOf\":{\"@id\":\"https:\/\/www.katag.ca\/#website\"},\"datePublished\":\"2015-01-04T22:46:57+00:00\",\"dateModified\":\"2015-01-09T16:47:35+00:00\",\"breadcrumb\":{\"@id\":\"https:\/\/www.katag.ca\/aventure-49\/#breadcrumb\"},\"inLanguage\":\"en-US\",\"potentialAction\":[{\"@type\":\"ReadAction\",\"target\":[\"https:\/\/www.katag.ca\/aventure-49\/\"]}]},{\"@type\":\"BreadcrumbList\",\"@id\":\"https:\/\/www.katag.ca\/aventure-49\/#breadcrumb\",\"itemListElement\":[{\"@type\":\"ListItem\",\"position\":1,\"name\":\"Accueil\",\"item\":\"https:\/\/www.katag.ca\/\"},{\"@type\":\"ListItem\",\"position\":2,\"name\":\"Aventure 49\"}]},{\"@type\":\"WebSite\",\"@id\":\"https:\/\/www.katag.ca\/#website\",\"url\":\"https:\/\/www.katag.ca\/\",\"name\":\"Katag\",\"description\":\"LE jeu d'&eacute;p&eacute;es-mousse\",\"publisher\":{\"@id\":\"https:\/\/www.katag.ca\/#organization\"},\"potentialAction\":[{\"@type\":\"SearchAction\",\"target\":{\"@type\":\"EntryPoint\",\"urlTemplate\":\"https:\/\/www.katag.ca\/?s={search_term_string}\"},\"query-input\":{\"@type\":\"PropertyValueSpecification\",\"valueRequired\":true,\"valueName\":\"search_term_string\"}}],\"inLanguage\":\"en-US\"},{\"@type\":\"Organization\",\"@id\":\"https:\/\/www.katag.ca\/#organization\",\"name\":\"Katag\",\"url\":\"https:\/\/www.katag.ca\/\",\"logo\":{\"@type\":\"ImageObject\",\"inLanguage\":\"en-US\",\"@id\":\"https:\/\/www.katag.ca\/#\/schema\/logo\/image\/\",\"url\":\"https:\/\/www.katag.ca\/wp-content\/uploads\/2021\/03\/logo-fr.png\",\"contentUrl\":\"https:\/\/www.katag.ca\/wp-content\/uploads\/2021\/03\/logo-fr.png\",\"width\":338,\"height\":173,\"caption\":\"Katag\"},\"image\":{\"@id\":\"https:\/\/www.katag.ca\/#\/schema\/logo\/image\/\"},\"sameAs\":[\"https:\/\/www.facebook.com\/Katag.ca\"]}]}<\/script>\n<!-- \/ Yoast SEO plugin. -->","yoast_head_json":{"title":"Aventure 49 | Katag","robots":{"index":"index","follow":"follow","max-snippet":"max-snippet:-1","max-image-preview":"max-image-preview:large","max-video-preview":"max-video-preview:-1"},"canonical":"https:\/\/www.katag.ca\/aventure-49\/","og_locale":"en_US","og_type":"article","og_title":"Aventure 49 | Katag","og_description":"Vous regardez les wagons sph\u00e9riques quitter \u00e0 toute allure et emprunter la rue sombre. Vous marchez pendant un temps. Au d\u00e9but, il y avait des petits b\u00e2timents de formes \u00e9tranges dans les environs et vous avez conclu qu\u2019il s\u2019agissait fort probablement de maisons. Mais \u00e0 force de marcher, les b\u00e2timents se sont faits de plus en plus rares. Vous arrivez maintenant \u00e0 un embranchement se situant sur votre gauche. La rue sombre semble \u00e9galement continuer plus loin. Qu\u2019allez-vous faire?","og_url":"https:\/\/www.katag.ca\/aventure-49\/","og_site_name":"Katag","article_publisher":"https:\/\/www.facebook.com\/Katag.ca","article_modified_time":"2015-01-09T16:47:35+00:00","twitter_card":"summary_large_image","twitter_misc":{"Est. reading time":"1 minute"},"schema":{"@context":"https:\/\/schema.org","@graph":[{"@type":"WebPage","@id":"https:\/\/www.katag.ca\/aventure-49\/","url":"https:\/\/www.katag.ca\/aventure-49\/","name":"Aventure 49 | Katag","isPartOf":{"@id":"https:\/\/www.katag.ca\/#website"},"datePublished":"2015-01-04T22:46:57+00:00","dateModified":"2015-01-09T16:47:35+00:00","breadcrumb":{"@id":"https:\/\/www.katag.ca\/aventure-49\/#breadcrumb"},"inLanguage":"en-US","potentialAction":[{"@type":"ReadAction","target":["https:\/\/www.katag.ca\/aventure-49\/"]}]},{"@type":"BreadcrumbList","@id":"https:\/\/www.katag.ca\/aventure-49\/#breadcrumb","itemListElement":[{"@type":"ListItem","position":1,"name":"Accueil","item":"https:\/\/www.katag.ca\/"},{"@type":"ListItem","position":2,"name":"Aventure 49"}]},{"@type":"WebSite","@id":"https:\/\/www.katag.ca\/#website","url":"https:\/\/www.katag.ca\/","name":"Katag","description":"LE jeu d'&eacute;p&eacute;es-mousse","publisher":{"@id":"https:\/\/www.katag.ca\/#organization"},"potentialAction":[{"@type":"SearchAction","target":{"@type":"EntryPoint","urlTemplate":"https:\/\/www.katag.ca\/?s={search_term_string}"},"query-input":{"@type":"PropertyValueSpecification","valueRequired":true,"valueName":"search_term_string"}}],"inLanguage":"en-US"},{"@type":"Organization","@id":"https:\/\/www.katag.ca\/#organization","name":"Katag","url":"https:\/\/www.katag.ca\/","logo":{"@type":"ImageObject","inLanguage":"en-US","@id":"https:\/\/www.katag.ca\/#\/schema\/logo\/image\/","url":"https:\/\/www.katag.ca\/wp-content\/uploads\/2021\/03\/logo-fr.png","contentUrl":"https:\/\/www.katag.ca\/wp-content\/uploads\/2021\/03\/logo-fr.png","width":338,"height":173,"caption":"Katag"},"image":{"@id":"https:\/\/www.katag.ca\/#\/schema\/logo\/image\/"},"sameAs":["https:\/\/www.facebook.com\/Katag.ca"]}]}},"_links":{"self":[{"href":"https:\/\/www.katag.ca\/en\/wp-json\/wp\/v2\/pages\/992","targetHints":{"allow":["GET"]}}],"collection":[{"href":"https:\/\/www.katag.ca\/en\/wp-json\/wp\/v2\/pages"}],"about":[{"href":"https:\/\/www.katag.ca\/en\/wp-json\/wp\/v2\/types\/page"}],"author":[{"embeddable":true,"href":"https:\/\/www.katag.ca\/en\/wp-json\/wp\/v2\/users\/2"}],"replies":[{"embeddable":true,"href":"https:\/\/www.katag.ca\/en\/wp-json\/wp\/v2\/comments?post=992"}],"version-history":[{"count":3,"href":"https:\/\/www.katag.ca\/en\/wp-json\/wp\/v2\/pages\/992\/revisions"}],"predecessor-version":[{"id":2235,"href":"https:\/\/www.katag.ca\/en\/wp-json\/wp\/v2\/pages\/992\/revisions\/2235"}],"wp:attachment":[{"href":"https:\/\/www.katag.ca\/en\/wp-json\/wp\/v2\/media?parent=992"}],"curies":[{"name":"wp","href":"https:\/\/api.w.org\/{rel}","templated":true}]}}